{"id":99,"date":"2009-09-12T13:12:31","date_gmt":"2009-09-12T12:12:31","guid":{"rendered":"http:\/\/www.corrspt.com\/v2\/?page_id=99"},"modified":"2009-09-22T21:54:29","modified_gmt":"2009-09-22T20:54:29","slug":"talk-on-corners","status":"publish","type":"page","link":"https:\/\/www.corrspt.com\/site\/?page_id=99","title":{"rendered":"Talk on Corners"},"content":{"rendered":"<p>O segundo \u00e1lbum dos Corrs \u00e9 sem d\u00favida alguma um dos melhores \u00e1lbuns alguma vez editados por uma banda (e n\u00e3o estou a sobrevalorizar! nem um pouco, sen\u00e3o vejam por voc\u00eas pr\u00f3prios). Uma grande equipa, dos melhores produtores de m\u00fasica mundiais fizeram um grande esfor\u00e7o para que este fosse o \u00e1lbum definitivo dos The Corrs para os f\u00e3s, e provavelmente \u00e9 (se n\u00e3o vejam: foi o 4\u00ba \u00e1lbum mais vendido dos anos 90!!!).<\/p>\n<p><strong>Alinhamento:<\/strong><\/p>\n<p><a title=\"Letras do \u00e1lbum\" href=\"http:\/\/www.corrspt.com\/v2\/?page_id=56\" target=\"_blank\">Only When I Sleep<br \/>\nWhen He&#8217;s Not Around<br \/>\nDreams<br \/>\nWhat Can I Do<br \/>\nI Never Loved You Anyway<br \/>\nSo Young<br \/>\nDon&#8217;t Say You Love Me<br \/>\nLove Gives Love Takes<br \/>\nHopelessly Addicted<br \/>\n<\/a>Paddy McCarthy (Instrumental)<a title=\"Letras do \u00e1lbum\" href=\"http:\/\/www.corrspt.com\/v2\/?page_id=56\" target=\"_blank\"><br \/>\nIntimacy<br \/>\nQueen of Hollywood<br \/>\nNo Good For Me<br \/>\nLittle Wing<br \/>\n<\/a><\/p>\n<p><strong>Only When I Sleep<\/strong><\/p>\n<p>A can\u00e7\u00e3o come\u00e7a com a guitarra de Jim a dar a impress\u00e3o que se trata de puro rock, mas a voz de Andrea clareia a m\u00fasica, contando uma hist\u00f3ria dram\u00e1tica. Ela est\u00e1 apaixonada, mas apenas consegue ver o seu amado durante o sono. Quando acorda tudo se desvanece e de manh\u00e3 tem uma vontade desmesurada de o ver novamente, mas&#8230; ele n\u00e3o existe! O sonho \u00e9 t\u00e3o intenso que se confunde com realidade. A letra est\u00e1 cheia de paix\u00e3o e \u00e9 provavelmente aquilo que Andrea tem andado a sonhar. A mistura da flauta com o violino \u00e9 deveras boa.<\/p>\n<p><strong>When He&#8217;s Not Around<\/strong><\/p>\n<p>\u00c9 uma hist\u00f3ria de amor (que novidade!!) da maior sinceridade poss\u00edvel. Ela ama-o de tal forma que n\u00e3o suporta estar longe dele. Apesar de ele ser como diz na can\u00e7\u00e3o &#8220;uncool&#8221; e &#8220;unsophisticated&#8221;, o amor deles passa por cima de todos esses pormenores. \u00c9 uma m\u00fasica suave com um cheirinho a Pop , mas o violino de Sharon mant\u00e9m o equil\u00edbrio entre o pop e o tradicional.<\/p>\n<p><strong>Dreams<\/strong><\/p>\n<p>Uma das melhores reconstitui\u00e7\u00f5es de uma M\u00fasica original &#8220;Fleetwood Mac&#8221;. O bom que esta can\u00e7\u00e3o nos oferece \u00e9 o facto de misturar perfeitamente o moderno e o tradicional, mas n\u00e3o esquecer tr\u00eas vozes maravilhosas. A can\u00e7\u00e3o descola com o violino e a flauta, a seguir aparece Jim com a guitarra ac\u00fastica, enquanto que o Bodhran constr\u00f3i o seu espa\u00e7o com muita seguran\u00e7a. Esta \u00e9 uma das poucas can\u00e7\u00f5es onde se consegue ouvir t\u00e3o bem as vozes de Sharon e de Caroline como a de Andrea.<\/p>\n<p><strong>What Can I Do<\/strong><\/p>\n<p>Uma can\u00e7\u00e3o triste: Uma discuss\u00e3o e ele foi-se embora. A terminar esta hist\u00f3ria fica a marca bem patente durante toda a can\u00e7\u00e3o que ela o quer devolta e assim &#8220;What can i do to make you love me&#8221;, pergunta ela. A letra \u00e9 triste, mas nota-se que h\u00e1 esperan\u00e7a e \u00e9 acompanhada por uma grande composi\u00e7\u00e3o do violino: \u00e9 quase tiro e queda gostar desta can\u00e7\u00e3o. \u00c9 uma das melhores m\u00fasicas de &#8220;Talk on Corners&#8221;.<\/p>\n<p><strong>I Never Loved You Anyway<\/strong><\/p>\n<p>Ele deixou-a e arranjou outra rapariga, o que desencadeia uma s\u00e9rie de cr\u00edticas ao rapaz, nomeadamente dizendo que nunca gostou dele, e que s\u00f3 se arrepende de n\u00e3o t\u00ea-lo deixado primeiro. D\u00e1 a entender que quer ir ter uma conversa de rapariga para rapariga. Vingan\u00e7a? A can\u00e7\u00e3o ilustra bem as coisas que n\u00e3o correm bem numa rela\u00e7\u00e3o amorosa. \u00c9 uma composi\u00e7\u00e3o musical bastante boa com a utiliza\u00e7\u00e3o do violino, flauta, bodhran e guitarra. A letra da can\u00e7\u00e3o vai um p\u00f4r um sorriso na cara de quem a ouvir especialmente a parte &#8220;Valentino? I don\u00b4t think so!&#8221;.<\/p>\n<p><strong>So Young<\/strong><\/p>\n<p>Uma can\u00e7\u00e3o muito alegre, parecida a &#8220;The Right time&#8221;, mas com menos elementos tradicionais. \u00c9 sobre a felicidade, a alegria de ser&#8230; jovem. O mundo est\u00e1 aos p\u00e9s deles e ainda s\u00e3o t\u00e3o novos. Com um bocadinho de imagina\u00e7\u00e3o deixamo-nos levar pela emo\u00e7\u00e3o e consegue imaginar-se aquilo que \u00e9 descrito na can\u00e7\u00e3o e: tudo \u00e9 poss\u00edvel. Sharon faz boa figura, mas \u00e9 a bateria de Caroline que faz o n\u00facleo da can\u00e7\u00e3o.<\/p>\n<p><strong>Don&#8217;t Say You Love Me<\/strong><\/p>\n<p>Esta m\u00fasica retrata bem o medo de algu\u00e9m que j\u00e1 passou por um relacionamento falhado, e que n\u00e3o quer entregar-se novamente, sem ter a certeza de que \u00e9 para sempre, porque n\u00e3o quer voltar a passar pelo mesmo. Ela pede assim: \u201cDon\u2019t say you love me, unless forever\u201d e \u201cDon\u2019t give me this feeling, I\u2019ll only believe it; Make it real or take it all away\u2026\u201d. \u00c9 uma m\u00fasica bastante calma, com o ritmo marcado pela bateria, e com o coro que refor\u00e7a a mensagem da letra.<\/p>\n<p><strong>Love Gives Love Takes<\/strong><\/p>\n<p>Esta m\u00fasica relata-nos os altos e baixos de uma rela\u00e7\u00e3o amorosa. O amor pode ser maravilhoso e dar-nos felicidade ilimitada, mas tamb\u00e9m pode causar danos irrepar\u00e1veis. \u00c9 uma m\u00fasica menos dram\u00e1tica que outras e tamb\u00e9m menos tradicional, n\u00e3o deixando por isso de ser uma grande can\u00e7\u00e3o. A bateria de Caroline e as vozes de fundo s\u00e3o as principais raz\u00f5es para a qualidade desta can\u00e7\u00e3o.<\/p>\n<p><strong>Hopelessly Addicted<\/strong><\/p>\n<p>Outra boa m\u00fasica. Fala-nos de uma rapariga e do rapaz que at\u00e9 aquele dia sempre foram apenas e s\u00f3 amigos. Numa manh\u00e3 ela acorda com um desejo ardente de estar com ele e percebe que esteve apaixonada desde o primeiro momento. A m\u00fasica \u00e9 suave, condiz com a hist\u00f3ria da letra, e possui um ritmo bastante alegre.<\/p>\n<p><strong>Paddy McCarthy<\/strong><\/p>\n<p>Esta m\u00fasica \u00e9 misteriosa, dif\u00edcil de ser tocada e provoca um sentimento dif\u00edcil de descrever nos ouvintes. Mas enfim, \u00e9 isto que diferencia os The Corrs das outras bandas. \u00c9 uma m\u00fasica bastante diferente das outras instrumentais que eles nos t\u00eam habituado, mesmo assim de uma qualidade alt\u00edssima. Simplesmente &#8220;deliciosa&#8221;.<\/p>\n<p><strong>Intimacy<\/strong><\/p>\n<p>Uma can\u00e7\u00e3o jeitosa, que poderia ser melhor. \u00c9 uma balada suave, ao estilo de uma m\u00fasica de embalar, que possibilita o destaque da interpreta\u00e7\u00e3o da Andrea. Podia ser s\u00f3 mais uma balada mas como \u00e9 cantada por ela (com o suporte dos outros) j\u00e1 se torna em qualquer coisa especial.<\/p>\n<p><strong>Queen of Hollywood<\/strong><\/p>\n<p>Cheg\u00e1mos \u00e0 minha favorita, esta m\u00fasica toca no cora\u00e7\u00e3o de todos os que a ouvem (inclusiv\u00e9 no de Andrea, como ela pr\u00f3pria diz). Quando a canta, Andrea chega a chorar!!!. \u00c9 a hist\u00f3ria de uma rapariga que vai em busca de um sonho, s\u00f3 que a m\u00e3e, o namorado e os amigos n\u00e3o compreeendem a raz\u00e3o da sua busca de conquistar Hollywood. Ela tem de lutar muito, e sozinha contra a mar\u00e9, at\u00e9 que consegue alcan\u00e7ar o seu sonho. A m\u00e3e dela est\u00e1 orgulhosa, mas &#8220;if she saw behind the curtains, it could only make her cry&#8221;. A can\u00e7\u00e3o conta-nos o lado obscuro de Hollywood, os esfor\u00e7os , as lutas que cada um tem de fazer para chegar ao seu objectivo, porque a fama tem um pre\u00e7o, mas ser\u00e1 que vale a pena? O tema l\u00edrico \u00e9 pesado e a m\u00fasica muito dram\u00e1tica (possivelmente a mais dram\u00e1tica de todas). O violino e a bateria conseguem uma mistura \u00fanica que apoiam em muito a letra de Andrea. \u00c9 muito impressionante e provavelmente uma das melhores m\u00fasicas dos The Corrs. A voz ang\u00e9lica que Andrea possui e a paix\u00e3o que p\u00f5e quando canta esta m\u00fasica tornam-na numa das melhores composi\u00e7\u00f5es m\u00fasicas de sempre da hist\u00f3ria da m\u00fasica (parece muito, s\u00f3 para uma m\u00fasica n\u00e3o \u00e9?), mas ou\u00e7am a m\u00fasica e perceber\u00e3o!<\/p>\n<p><strong>No Good For Me<\/strong><\/p>\n<p>A hist\u00f3ria (para variar \u00e9 sobre o amor): Ela est\u00e1 apaixonada por um homem casado a imagina como seria bom estar com ele. A letra da m\u00fasica \u00e9 t\u00e3o intensa que se consegue sentir a dor que ela sente por n\u00e3o poder estar com ele (por ele ter outra rapariga). O ritmo \u00e9 lento e o violino de Sharon faz a espinha dorsal da m\u00fasica. A m\u00fasica acaba como um susurro no meio de uma noite negra.<\/p>\n<p><strong>Little Wing<\/strong><\/p>\n<p>O original &#8220;Litle Wing&#8221; \u00e9 absolutamente genial, mas quando os The Corrs se juntam ao Chieftains (outra banda irlandesa) isto torna-se coisa s\u00e9ria, tem a mistura de todos os intrumentos tradicionais : 2 Flautas, 3 &#8220;Fidles&#8221; (n\u00e3o sei o que \u00e9), 2 Bodhrans, Harpa e uillean pipes (tamb\u00e9m n\u00e3o fa\u00e7o ideia.). A fus\u00e3o de todos estes instrumentos complementam de forma perfeita a linda voz de Andrea. Esta vers\u00e3o &#8220;irlandesa&#8221; da m\u00fasica de Jimmi Hendrix \u00e9 um dos alicerces do \u00e1lbum.<\/p>\n","protected":false},"excerpt":{"rendered":"<p>O segundo \u00e1lbum dos Corrs \u00e9 sem d\u00favida alguma um dos melhores \u00e1lbuns alguma vez editados por uma banda (e n\u00e3o estou a sobrevalorizar! nem um pouco, sen\u00e3o vejam por voc\u00eas pr\u00f3prios). Uma grande equipa, dos melhores produtores de m\u00fasica mundiais fizeram um grande esfor\u00e7o para que este fosse o \u00e1lbum definitivo dos The Corrs [&hellip;]<\/p>\n","protected":false},"author":2,"featured_media":0,"parent":10,"menu_order":1,"comment_status":"open","ping_status":"open","template":"","meta":{"footnotes":""},"class_list":["post-99","page","type-page","status-publish","hentry"],"_links":{"self":[{"href":"https:\/\/www.corrspt.com\/site\/index.php?rest_route=\/wp\/v2\/pages\/99","targetHints":{"allow":["GET"]}}],"collection":[{"href":"https:\/\/www.corrspt.com\/site\/index.php?rest_route=\/wp\/v2\/pages"}],"about":[{"href":"https:\/\/www.corrspt.com\/site\/index.php?rest_route=\/wp\/v2\/types\/page"}],"author":[{"embeddable":true,"href":"https:\/\/www.corrspt.com\/site\/index.php?rest_route=\/wp\/v2\/users\/2"}],"replies":[{"embeddable":true,"href":"https:\/\/www.corrspt.com\/site\/index.php?rest_route=%2Fwp%2Fv2%2Fcomments&post=99"}],"version-history":[{"count":7,"href":"https:\/\/www.corrspt.com\/site\/index.php?rest_route=\/wp\/v2\/pages\/99\/revisions"}],"predecessor-version":[{"id":128,"href":"https:\/\/www.corrspt.com\/site\/index.php?rest_route=\/wp\/v2\/pages\/99\/revisions\/128"}],"up":[{"embeddable":true,"href":"https:\/\/www.corrspt.com\/site\/index.php?rest_route=\/wp\/v2\/pages\/10"}],"wp:attachment":[{"href":"https:\/\/www.corrspt.com\/site\/index.php?rest_route=%2Fwp%2Fv2%2Fmedia&parent=99"}],"curies":[{"name":"wp","href":"https:\/\/api.w.org\/{rel}","templated":true}]}}