{"id":94,"date":"2009-09-12T12:47:05","date_gmt":"2009-09-12T11:47:05","guid":{"rendered":"http:\/\/www.corrspt.com\/v2\/?page_id=94"},"modified":"2009-09-14T10:38:08","modified_gmt":"2009-09-14T09:38:08","slug":"forgiven-not-forgotten","status":"publish","type":"page","link":"https:\/\/www.corrspt.com\/site\/?page_id=94","title":{"rendered":"Forgiven not Forgotten"},"content":{"rendered":"<p>Forgiven, not Forgotten foi o \u00e1lbum de estreia dos The Corrs e foram precisos 5 anos (!!) at\u00e9 que todas as letras estivessem escritas. \u00c9 uma colec\u00e7\u00e3o genial de m\u00fasicas originais que fundem a m\u00fasica tradicional Irlandesa com o Pop\/Rock Moderno e isso, meus amigos, \u00e9 o som \u00fanico que define os The Corrs. Os temas inclu\u00eddos no \u00e1lbum falam sobretudo de amor e a dor que provoca, embora tamb\u00e9m tenha &#8220;temas alegres&#8221;, como o desejo de viver a vida ao m\u00e1ximo.<\/p>\n<p><strong>Alinhamento:<\/strong><\/p>\n<p><a href=\"#fnf.eri\"> Erin Shore Intro <\/a>(Instrumental)<br \/>\n<a href=\"#fnf.fnf\"> Forgiven not Forgotten<\/a> <a title=\"Letras do \u00e1lbum\" href=\"http:\/\/www.corrspt.com\/v2\/?page_id=46\" target=\"_blank\">(Letra) <\/a><br \/>\n<a href=\"#fnf.hk\"> Heaven Knows<\/a> <a title=\"Letras do \u00e1lbum\" href=\"http:\/\/www.corrspt.com\/v2\/?page_id=46\" target=\"_blank\">(Letra) <\/a><br \/>\n<a href=\"#fnf.awtg\"> Along with the Girls<\/a>\t(Instrumental)<br \/>\n<a href=\"#fnf.someday\"> Someday<\/a> <a title=\"Letras do \u00e1lbum\" href=\"http:\/\/www.corrspt.com\/v2\/?page_id=46\" target=\"_blank\"> (Letra)<\/a><br \/>\n<a href=\"#fnf.runaway\"> Runaway<\/a> <a title=\"Letras do \u00e1lbum\" href=\"http:\/\/www.corrspt.com\/v2\/?page_id=46\" target=\"_blank\">(Letra) <\/a><br \/>\n<a href=\"#fnf.trt\"> The Right Time<\/a> <a title=\"Letras do \u00e1lbum\" href=\"http:\/\/www.corrspt.com\/v2\/?page_id=46\" target=\"_blank\">(Letra)<\/a><br \/>\n<a href=\"#fnf.tmb\">The Ministrel Boy <\/a>\t(Instrumental)<br \/>\n<a href=\"#fnf.ttf\">Toss the Feathers <\/a>\t(Instrumental)<br \/>\n<a href=\"#fnf.ltly\">Love to Love You<\/a> <a title=\"Letras do \u00e1lbum\" href=\"http:\/\/www.corrspt.com\/v2\/?page_id=46\" target=\"_blank\"> (Letra) <\/a><br \/>\n<a href=\"#fnf.sl\">Secret Life<\/a> <a title=\"Letras do \u00e1lbum\" href=\"http:\/\/www.corrspt.com\/v2\/?page_id=46\" target=\"_blank\"> (Letra) <\/a><br \/>\n<a href=\"#fnf.cj\">Carraoe Jig <\/a>\t(Instrumental)<br \/>\n<a href=\"#fnf.closer\">Closer<\/a> <a title=\"Letras do \u00e1lbum\" href=\"http:\/\/www.corrspt.com\/v2\/?page_id=46\" target=\"_blank\">(Letra) <\/a><br \/>\n<a href=\"#fnf.lma\">Leave me Alone<\/a> <a title=\"Letras do \u00e1lbum\" href=\"http:\/\/www.corrspt.com\/v2\/?page_id=46\" target=\"_blank\"> (Letra) <\/a><br \/>\n<a href=\"#fnf.les\">Lough Erin Shore <\/a>\t(Instrumental)<\/p>\n<p><a name=\"fnf.eri\" ><\/a><br \/>\n<strong>Erin Shore Intro<\/strong><\/p>\n<p>\u00c9 praticamente s\u00f3 violino, embora se oi\u00e7a tamb\u00e9m um pouco de piano. Ao ouvir esta curta introdu\u00e7\u00e3o instrumental, apercebemo-nos de que estamos a ouvir uma banda que sabe aquilo que faz.<\/p>\n<p><a name=\"fnf.fnf\"><\/a><br \/>\n<strong>Forgiven not Forgotten<\/strong><\/p>\n<p>\u00c9 a can\u00e7\u00e3o sobre dor e sofrimento. Sofrimento porque aquilo que foi feito n\u00e3o pode ser desfeito e dor porque &#8220;ele&#8221; se suicidou e deixou-a sozinha neste mundo. \u00c9 uma can\u00e7\u00e3o que come\u00e7a muito suavemente com o Violino e o Bodhran a preparar a entrada da Andrea. Subitamente o violino e o bodhran s\u00e3o substitu\u00eddos pela guitarra el\u00e9ctrica e pela bateria e este \u00e9 o ponto fulcral da m\u00fasica, que \u00e9 quando sentimos o panorama sentimental que a envolve, e em suma: o drama. A paix\u00e3o que Andrea p\u00f5e nesta m\u00fasica pode por vezes p\u00f4r-nos a chorar (vejamos bem, Andrea quase que tamb\u00e9m chora). O final da hist\u00f3ria acaba com a rapariga a pensar em ir ter com ele ao c\u00e9u, mas acaba por perdo\u00e1-lo, mas sem o esquecer (forgiven, not forgotten).<\/p>\n<p><a name=\"fnf.hk\"><\/a><br \/>\n<strong>Heaven Knows<\/strong><\/p>\n<p>A bateria misturada com o violino faz com que a can\u00e7\u00e3o se pare\u00e7a com uma &#8220;tempestade&#8221;: uma tempestade de instrumentos e vozes. A mensagem \u00e9 sobre o amor, ou melhor: amor perdido. Ela foi posta de lado: ele trocou-a por outra rapariga, mas ela deseja-o de volta. Sofre muito, muito mesmo, o que d\u00e1 que pensar: ser\u00e1 que ele vale assim tanto a pena?? Ela quer mesmo t\u00ea-lo de volta, como se v\u00ea em &#8220;oh, please come back to me&#8221; e quer que ele esque\u00e7a a rapariga &#8220;send her away to her grieving&#8221;. A parte mais fenomenal da can\u00e7\u00e3o \u00e9 no fim, quando ela deixa todo o sofrimento de lado, embora fique sempre na esperan\u00e7a de&#8230;<br \/>\n<a name=\"fnf.awtg\"><\/a><br \/>\n<strong>Along with the Girls<\/strong><\/p>\n<p>N\u00e3o h\u00e1 muito a dizer, \u00e9 uma m\u00fasica bonita e simples: o Violino a flauta e o Bodhran misturam-se perfeitamente. \u00c9 uma can\u00e7\u00e3o boa para quem vem fatigado de alguma actividade.<br \/>\n<a name=\"fnf.someday\"><\/a><br \/>\n<strong>Someday<\/strong><\/p>\n<p>Esta m\u00fasica \u00e9 diferente das outras: \u00e9 mais &#8220;pesada&#8221; muito devido ao uso intensivo da guitarra por parte de Jim. N\u00e3o se percebe na hist\u00f3ria quem \u00e9 que deixa quem, mas segundo a comunidade de f\u00e3s Corrs, \u00e9 acordo m\u00fatuo. Embora isso n\u00e3o signifique que que ela n\u00e3o esteja chateada, mas ap\u00f3s rever os factos quer que ele volte. Apesar de ser Jim a dominar a can\u00e7\u00e3o, \u00e9 o violino e bateria que a fazem &#8220;andar sobre rodas&#8221;. O interessante desta can\u00e7\u00e3o \u00e9 a mistura de vozes que conseguem desanuviar um pouco o som da can\u00e7\u00e3o.<br \/>\n<a name=\"fnf.runaway\"><\/a><br \/>\n<strong>Runaway<\/strong><\/p>\n<p>Bom, agora cheg\u00e1mos a um dos pontos mais altos deste \u00e1lbum. Esta can\u00e7\u00e3o \u00e9 definitivamente uma das mais bonitas escritas at\u00e9 hoje, \u00e9 arte, pura e simples. Ao vivo contam que \u00e9 angelical ouvir toda a perfeita fus\u00e3o entre os instrumentos: \u00e9 surreal. Sharon \u00e9 quem recebe a melhor nota nesta can\u00e7\u00e3o, onde nos mostra uma vez mais que domina o violino como ningu\u00e9m no mundo. A hist\u00f3ria \u00e9 sobre uma rapariga que procura incessantemente o amor, e quer isso com tanta paix\u00e3o que acaba por consegui-lo. A voz de Andrea \u00e9 incrivelmente clara e profunda, e cada palavra \u00e9 cantada com um sentimento tal que ela parece ser a rapariga da hist\u00f3ria. N\u00e3o h\u00e1 palavras para descrever esta can\u00e7\u00e3o como ela merecia, mas vendo bem, \u00e9 isso que a m\u00fasica dos Corrs tem de especial: o facto de conseguir tocar no cora\u00e7\u00e3o de cada um quando \u00e9 ouvida.<br \/>\n<a name=\"fnf.trt\"><\/a><br \/>\n<strong>The Right Time<\/strong><\/p>\n<p>Esta \u00e9 definitivamente uma can\u00e7\u00e3o com o carimbo &#8220;N\u00e3o foi escrita pela Andrea&#8221;: tem vida e alegria a mais para ter sido escrita por ela. A minha aposta \u00e9 que deve ter sido a Caroline ou a Sharon a escrev\u00ea-la, isto porque elas \u00e9 que t\u00eam a perspectiva luminosa da vida. De qualquer modo, a hist\u00f3ria \u00e9 sobre as melhores alturas da nossa vida, em que estamos felizes e completos por dentro. H\u00e1 uma harmonia completa entre os instrumentos, \u00e9 perfeito&#8230;<br \/>\n<a name=\"fnf.tmb\"><\/a><br \/>\n<strong>The Ministrel Boy<\/strong><\/p>\n<p>\u00c9 uma m\u00fasica muito simples, uma \u00f3ptima m\u00fasica para come\u00e7ar o dia, para ouvir ao acordar: suave, muito suave. Aqui Sharon tem oportunidade de brilhar, apesar de Jim tamb\u00e9m dar o seu toque pessoal com o piano.<br \/>\n<a name=\"fnf.ttf\"><\/a><br \/>\n<strong>Toss the Feathers<\/strong><\/p>\n<p>Est\u00e1 \u00e9 sem d\u00favida uma obra prima da arte digna de estar colocada ao lado da &#8220;Mona Lisa&#8221; no Louvre. Pensam que j\u00e1 ouviram todo o tipo de dance music? Esque\u00e7am o rap, hardcore ou house e oi\u00e7am isto. \u00c9 uma obra instrumental que, quando \u00e9 tocada ao vivo, al\u00e9m de p\u00f4r toda a gente a dan\u00e7ar e a vibrar, quase que nos obriga a dizer &#8220;isto \u00e9 talento do mais alto n\u00edvel&#8221;. \u00c9 a can\u00e7\u00e3o que definitivamente d\u00e1 a oportunidade aos quatro para mostrarem o seu enorme talento instrumental. No fim da can\u00e7\u00e3o fica-se a pensar como \u00e9 poss\u00edvel Sharon ter mantido o ritmo perfeito durante toda a can\u00e7\u00e3o, ou como \u00e9 que n\u00e3o faltou f\u00f4lego a Andrea, ou se Caroline ainda tem for\u00e7a nos bra\u00e7os, ou ainda se Jim conseguia p\u00f4r mais entusiasmo e empenho naquela guitarra.<br \/>\n<a name=\"fnf.ltly\"><\/a><br \/>\n<strong>Love to Love You<\/strong><\/p>\n<p>Isto \u00e9 mais uma m\u00fasica Pop do que tradicional mas como \u00e9 interpretada pelos The Corrs j\u00e1 tem algo de especial LOL. A hist\u00f3ria \u00e9 sobre um amor inquieto: Ela olha-o como um amigo, mas tem de lembr\u00e1-lo constantemente que n\u00e3o passa disso (um amigo). Apesar de no in\u00edcio ela at\u00e9 estar atra\u00edda por ele, mudou de ideias. O amor, apesar disso, est\u00e1 l\u00e1 e \u00e9 forte e ela adoraria am\u00e1-lo se ele n\u00e3o estivesse comprometido com outro algu\u00e9m.<br \/>\n<a name=\"fnf.sl\"><\/a><br \/>\n<strong>Secret Life<\/strong><\/p>\n<p>Muito semelhante a Someday, esta can\u00e7\u00e3o \u00e9 &#8220;pesada&#8221; com Jim a explorar ao m\u00e1ximo a guitarra el\u00e9ctrica, mas sempre apoiado pelo violino que suaviza o ambiente pesado da m\u00fasica e a bateria, &#8220;cuidado&#8221;. A hist\u00f3ria sinceramente n\u00e3o se percebe fala de religi\u00e3o, filosofia, da vida.. Enfim fica ao cuidado de cada um&#8230;<br \/>\n<a name=\"fnf.cj\"><\/a><br \/>\n<strong>Carraoe Jig<\/strong><\/p>\n<p>A vers\u00e3o presente no \u00e1lbum \u00e9 muito curta e muito vulgar, mas a vers\u00e3o inteira deixa-nos de boca aberta. D\u00e1 a oportunidade aos quatro de brilhar. O violino, a flauta (mais reconhec\u00edvel aqui do que em qualquer outra m\u00fasica instrumental), o bodhran e a guitarra. E por incr\u00edvel que pare\u00e7a podem ver-se 30.000 pessoas a dan\u00e7ar esta m\u00fasica tradicional nos concertos dos The Corrs: Imaginem!!!!<br \/>\n<a name=\"fnf.closer\"><\/a><br \/>\n<strong>Closer<\/strong><\/p>\n<p>\u00c9 uma das baladas mais belas e suaves da banda. A forma como a Andrea canta em harmonia com os instrumentos e back vocals que a acompanham \u00e9 espectacular. As notas do piano s\u00e3o lindas, mas a guitarra conduz a m\u00fasica a um final dram\u00e1tico. Ela v\u00ea-o todos os dias e acaba por se apaixonar por ele, e agora tudo o que faz \u00e9 pensar nele. Ela n\u00e3o tem coragem suficiente para lhe dizer o que sente, por isso vai deixando&#8230; Ela sabe que \u00e9 o homem ideal para si, se ao menos conseguisse desinibir-se e aproximar-se&#8230;.<br \/>\n<a name=\"fnf.lma\"><\/a><br \/>\n<strong>Leave me Alone<\/strong><\/p>\n<p>Esta \u00e9 uma para Jim brilhar apesar de Sharon e Caroline tamb\u00e9m terem umas apari\u00e7\u00f5es interessantes. A can\u00e7\u00e3o em si \u00e9 dif\u00edcil de descobrir quem a ter\u00e1 escrito, n\u00e3o tem o elemento dram\u00e1tico de Andrea, nem a alegria de Sharon, por isso deve ter sido escrita ou por outro membro ou pela banda em conjunto.<br \/>\n<a name=\"fnf.les\"><\/a><br \/>\n<strong>Lough Erin Shore<\/strong><\/p>\n<p>\u00c9 a \u00faltima faixa do \u00e1lbum, mas com certeza uma das melhores. D\u00e1 a hip\u00f3tese a todos os Corrs mostrarem aquilo que sabem. \u00c9 uma magn\u00edfica pe\u00e7a instrumental. Come\u00e7a muito suavemente com o violino, a seguir vem uma batida misteriosa do bodhran, fundida com a flauta e a guitarra ac\u00fastica. Os tambores c\u00e9lticos levam a can\u00e7\u00e3o a um final dram\u00e1tico. \u00c9 o culminar de um grande \u00e1lbum e traz sentimentos inerentes a ela, dif\u00edceis de explicar: esta m\u00fasica \u00e9 Irlandesa at\u00e9 \u00e1s ra\u00edzes e fecha este \u00e1lbum com chave de ouro.<\/p>\n","protected":false},"excerpt":{"rendered":"<p>Forgiven, not Forgotten foi o \u00e1lbum de estreia dos The Corrs e foram precisos 5 anos (!!) at\u00e9 que todas as letras estivessem escritas. \u00c9 uma colec\u00e7\u00e3o genial de m\u00fasicas originais que fundem a m\u00fasica tradicional Irlandesa com o Pop\/Rock Moderno e isso, meus amigos, \u00e9 o som \u00fanico que define os The Corrs. Os [&hellip;]<\/p>\n","protected":false},"author":2,"featured_media":0,"parent":10,"menu_order":0,"comment_status":"open","ping_status":"open","template":"","meta":{"footnotes":""},"class_list":["post-94","page","type-page","status-publish","hentry"],"_links":{"self":[{"href":"https:\/\/www.corrspt.com\/site\/index.php?rest_route=\/wp\/v2\/pages\/94","targetHints":{"allow":["GET"]}}],"collection":[{"href":"https:\/\/www.corrspt.com\/site\/index.php?rest_route=\/wp\/v2\/pages"}],"about":[{"href":"https:\/\/www.corrspt.com\/site\/index.php?rest_route=\/wp\/v2\/types\/page"}],"author":[{"embeddable":true,"href":"https:\/\/www.corrspt.com\/site\/index.php?rest_route=\/wp\/v2\/users\/2"}],"replies":[{"embeddable":true,"href":"https:\/\/www.corrspt.com\/site\/index.php?rest_route=%2Fwp%2Fv2%2Fcomments&post=94"}],"version-history":[{"count":17,"href":"https:\/\/www.corrspt.com\/site\/index.php?rest_route=\/wp\/v2\/pages\/94\/revisions"}],"predecessor-version":[{"id":96,"href":"https:\/\/www.corrspt.com\/site\/index.php?rest_route=\/wp\/v2\/pages\/94\/revisions\/96"}],"up":[{"embeddable":true,"href":"https:\/\/www.corrspt.com\/site\/index.php?rest_route=\/wp\/v2\/pages\/10"}],"wp:attachment":[{"href":"https:\/\/www.corrspt.com\/site\/index.php?rest_route=%2Fwp%2Fv2%2Fmedia&parent=94"}],"curies":[{"name":"wp","href":"https:\/\/api.w.org\/{rel}","templated":true}]}}