{"id":5,"date":"2008-09-18T18:20:38","date_gmt":"2008-09-18T17:20:38","guid":{"rendered":"http:\/\/www.corrspt.com\/v2\/?page_id=5"},"modified":"2009-08-18T17:22:26","modified_gmt":"2009-08-18T16:22:26","slug":"trabalho","status":"publish","type":"page","link":"https:\/\/www.corrspt.com\/site\/?page_id=5","title":{"rendered":"Trabalho"},"content":{"rendered":"<h2><a title=\"Discografia\" href=\"http:\/\/www.corrspt.com\/v2\/?page_id=10\" target=\"_self\">Discografia<\/a><\/h2>\n<p>Para dar a conhecer todos os \u00e1lbuns oficiais da banda e as colabora\u00e7\u00f5es que a banda teve em outros \u00e1lbuns. Cont\u00e9m tamb\u00e9m uma pequena descri\u00e7\u00e3o das m\u00fasicas de cada um.<\/p>\n<h2>Videografia<\/h2>\n<p>Todos n\u00f3s gostar\u00edamos de rever os concertos aos quais assistimos, bem como ver os concertos que n\u00e3o tiv\u00e9mos oportunidade de presencear, por isso conhece os DVD&#8217;s que a banda j\u00e1 gravou.<\/p>\n<h2>Letras<\/h2>\n<p>Uma das componentes mais importantes de uma m\u00fasica, pela mensagem que cont\u00e9m e pelas experi\u00eancias que relatam. Vejam as letras, para poderem conhec\u00ea-las e cant\u00e1-las sempre que queiram!<\/p>\n<h2>Letras Traduzidas<\/h2>\n<p>Para que toda a gente possa perceber as mensagens e hist\u00f3rias de cada m\u00fasica, aqui encontram-se as tradu\u00e7\u00f5es das letras\u00a0da banda.<\/p>\n<p><a title=\"Bla\" href=\"http:\/\/www.corrspt.com\/v2\/?page_id=10\">AAAAAA<\/a><\/p>\n","protected":false},"excerpt":{"rendered":"<p>Discografia Para dar a conhecer todos os \u00e1lbuns oficiais da banda e as colabora\u00e7\u00f5es que a banda teve em outros \u00e1lbuns. Cont\u00e9m tamb\u00e9m uma pequena descri\u00e7\u00e3o das m\u00fasicas de cada um. Videografia Todos n\u00f3s gostar\u00edamos de rever os concertos aos quais assistimos, bem como ver os concertos que n\u00e3o tiv\u00e9mos oportunidade de presencear, por isso [&hellip;]<\/p>\n","protected":false},"author":2,"featured_media":0,"parent":0,"menu_order":0,"comment_status":"open","ping_status":"open","template":"","meta":{"footnotes":""},"class_list":["post-5","page","type-page","status-publish","hentry"],"_links":{"self":[{"href":"https:\/\/www.corrspt.com\/site\/index.php?rest_route=\/wp\/v2\/pages\/5","targetHints":{"allow":["GET"]}}],"collection":[{"href":"https:\/\/www.corrspt.com\/site\/index.php?rest_route=\/wp\/v2\/pages"}],"about":[{"href":"https:\/\/www.corrspt.com\/site\/index.php?rest_route=\/wp\/v2\/types\/page"}],"author":[{"embeddable":true,"href":"https:\/\/www.corrspt.com\/site\/index.php?rest_route=\/wp\/v2\/users\/2"}],"replies":[{"embeddable":true,"href":"https:\/\/www.corrspt.com\/site\/index.php?rest_route=%2Fwp%2Fv2%2Fcomments&post=5"}],"version-history":[{"count":9,"href":"https:\/\/www.corrspt.com\/site\/index.php?rest_route=\/wp\/v2\/pages\/5\/revisions"}],"predecessor-version":[{"id":19,"href":"https:\/\/www.corrspt.com\/site\/index.php?rest_route=\/wp\/v2\/pages\/5\/revisions\/19"}],"wp:attachment":[{"href":"https:\/\/www.corrspt.com\/site\/index.php?rest_route=%2Fwp%2Fv2%2Fmedia&parent=5"}],"curies":[{"name":"wp","href":"https:\/\/api.w.org\/{rel}","templated":true}]}}