{"id":46,"date":"2009-09-10T15:44:40","date_gmt":"2009-09-10T14:44:40","guid":{"rendered":"http:\/\/www.corrspt.com\/v2\/?page_id=46"},"modified":"2009-09-18T23:16:48","modified_gmt":"2009-09-18T22:16:48","slug":"forgiven-not-forgotten","status":"publish","type":"page","link":"https:\/\/www.corrspt.com\/site\/?page_id=46","title":{"rendered":"Forgiven not Forgotten"},"content":{"rendered":"\n<table id=\"wp-table-reloaded-id-1-no-1\" class=\"wp-table-reloaded wp-table-reloaded-id-1\">\n<thead>\n\t<tr class=\"row-1 odd\">\n\t\t<th class=\"column-1\">Letra<\/th><th class=\"column-2\">Tradu\u00e7\u00e3o<\/th>\n\t<\/tr>\n<\/thead>\n<tbody>\n\t<tr class=\"row-2 even\">\n\t\t<td class=\"column-1\">Forgiven not Forgotten<br \/>\r\n<br \/>\r\nAll alone staring on watching her life going by<br \/>\r\nWhen her days are grey and her nights are black<br \/>\r\nDifferent shades of mundane<br \/>\r\nAnd the one eyed furry toy that lays upon the bed<br \/>\r\nHas often heard her cries<br \/>\r\nAnd heard her whisper out a name long forgiven,<br \/>\r\nbut not forgotten<br \/>\r\n<br \/>\r\nYou\u2019re forgiven, not forgotten<br \/>\r\nYou\u2019re forgiven, not forgotten<br \/>\r\nYou\u2019re forgiven, not forgotten<br \/>\r\nYou\u2019re not forgotten<br \/>\r\n<br \/>\r\nA bleeding heart torn apart, left on an icy grave<br \/>\r\nIn their room where they once lay face to face<br \/>\r\nNothing could get in the way<br \/>\r\nBut now the memories of a man are haunting her days<br \/>\r\nAnd the craving never fades<br \/>\r\nShe\u2019s still dreaming of a man long forgiven, not forgotten<br \/>\r\n<br \/>\r\nYou\u2019re forgiven, not forgotten<br \/>\r\nYou\u2019re forgiven, not forgotten<br \/>\r\nYou\u2019re forgiven, not forgotten<br \/>\r\nYou\u2019re not forgotten<br \/>\r\n<br \/>\r\nStill alone staring on, wishing her life goodbye<br \/>\r\nAs she goes searching for the man long forgiven, but not forgotten<br \/>\r\n<br \/>\r\nYou\u2019re forgiven, not forgotten<br \/>\r\nYou\u2019re forgiven, not forgotten<br \/>\r\nYou\u2019re forgiven, not forgotten<br \/>\r\nYou\u2019re forgiven, not forgotten<br \/>\r\nYou\u2019re forgiven, not forgotten<br \/>\r\nYou\u2019re forgiven, not forgotten<br \/>\r\nYou\u2019re forgiven, not forgotten<br \/>\r\nYou\u2019re forgiven, not forgotten<br \/>\r\nYou\u2019re not forgotten, You\u2019re not forgotten,<br \/>\r\nNo you\u2019re not forgotten<\/td><td class=\"column-2\">Perdoado, mas n\u00e3o esquecido<br \/>\r\n<br \/>\r\nS\u00f3zinha, a ver a pr\u00f3pria vida a passar<br \/>\r\nOs seus dias s\u00e3o cinzentos e as noites, negras<br \/>\r\nDiferentes sombras mundanas<br \/>\r\nE o peluche de um s\u00f3 olho<br \/>\r\nQue est\u00e1 em cima da cama<br \/>\r\nOuve-a a chorar<br \/>\r\nE sussurrar um nome de algu\u00e9m<br \/>\r\nH\u00e1 muito perdoado, mas n\u00e3o esquecido<br \/>\r\n<br \/>\r\nEst\u00e1s perdoado, n\u00e3o esquecido<br \/>\r\nEst\u00e1s perdoado, n\u00e3o esquecido<br \/>\r\nEst\u00e1s perdoado, n\u00e3o esquecido<br \/>\r\nN\u00e3o te esqueci<br \/>\r\n<br \/>\r\nUm cora\u00e7\u00e3o despeda\u00e7ado, deixado numa sepultura gelada<br \/>\r\nNaquele quarto onde antes ficavam cara a cara<br \/>\r\nE nada podia impedi-los<br \/>\r\nMas agora as mem\u00f3rias do homem<br \/>\r\nAssombram os seus dias<br \/>\r\nE o desejo n\u00e3o cessa<br \/>\r\nEla ainda sonha com o homem h\u00e1 muito perdoado<br \/>\r\nMas n\u00e3o esquecido<br \/>\r\n<br \/>\r\nEst\u00e1s perdoado, n\u00e3o esquecido<br \/>\r\nEst\u00e1s perdoado, n\u00e3o esquecido<br \/>\r\nEst\u00e1s perdoado, n\u00e3o esquecido<br \/>\r\nN\u00e3o te esqueci<br \/>\r\n<br \/>\r\nAinda sozinha, a olhar em volta, desejando o fim da pr\u00f3pria vida<br \/>\r\n\u00c0 medida que continua a procurar o homem h\u00e1 muito perdoado, mas n\u00e3o esquecido <br \/>\r\n<br \/>\r\nEst\u00e1s perdoado, n\u00e3o esquecido<br \/>\r\nEst\u00e1s perdoado, n\u00e3o esquecido<br \/>\r\nEst\u00e1s perdoado, n\u00e3o esquecido<br \/>\r\nEst\u00e1s perdoado, n\u00e3o esquecido<br \/>\r\nEst\u00e1s perdoado, n\u00e3o esquecido<br \/>\r\nEst\u00e1s perdoado, n\u00e3o esquecido<br \/>\r\nEst\u00e1s perdoado, n\u00e3o esquecido<br \/>\r\nEst\u00e1s perdoado, n\u00e3o esquecido<br \/>\r\nN\u00e3o te esqueci<br \/>\r\nN\u00e3o te esqueci<br \/>\r\nN\u00e3o, n\u00e3o te esqueci<\/td>\n\t<\/tr>\n\t<tr class=\"row-3 odd\">\n\t\t<td class=\"column-1\">...) = backvocals<br \/>\r\n... = voz arrastada<br \/>\r\n<br \/>\r\nDeep, deep in our hearts, strangers apart<br \/>\r\nOh please come back to me, <br \/>\r\nno more to leave, never to grieve<br \/>\r\nI give my world to you<br \/>\r\n<br \/>\r\nSend, send her away to her greiving<br \/>\r\nI will never set you free<br \/>\r\nNo more, no more a life without meaning<br \/>\r\nYou and I will fly away to<br \/>\r\nLove in my mind, love in my soul<br \/>\r\nI just can't let go<br \/>\r\nSadness fills my life <br \/>\r\nOh my fruitless plight<br \/>\r\nOnly heaven knows<br \/>\r\n<br \/>\r\nTears, tears in the night, sorrow take flight<br \/>\r\nOh please come back to me<br \/>\r\nEach we believe, never to grieve<br \/>\r\nI give my world to you<br \/>\r\n<br \/>\r\nSend, send her away to her greiving<br \/>\r\nI will never set you free<br \/>\r\nNo more, no no more a life without meaning<br \/>\r\nYou and I will fly to love<br \/>\r\nLove in my mind, love in my soul<br \/>\r\nI just can't let go<br \/>\r\nSadness fills my life <br \/>\r\nOh my fruitless plight<br \/>\r\nOnly heaven knows<br \/>\r\n<br \/>\r\nSadness fills my life<br \/>\r\nSadness fills my life, oh yo<br \/>\r\nSadness fills my life<br \/>\r\nSadness fills my life, oh yo, oh yo , oh yo<br \/>\r\n<br \/>\r\nSend, oh send her away to her greiving<br \/>\r\nYou and I will fly away to<br \/>\r\nLove in my mind, love in my soul<br \/>\r\nI just can't let go<br \/>\r\nSadness fills my life <br \/>\r\nOh my fruitless plight<br \/>\r\nOnly heaven knows<br \/>\r\n<br \/>\r\nLove in my mind, love in my soul<br \/>\r\nI just can't let go<br \/>\r\nSadness fills my life <br \/>\r\nOh my fruitless plight<br \/>\r\nOnly heaven knows (Heaven Knows)<br \/>\r\n<br \/>\r\nLove in my mind, love in my soul<br \/>\r\nI just can't let go (heaven knows)<br \/>\r\nSadness fills my life<br \/>\r\nOh my fruitless plight (No)<br \/>\r\nOnly heaven knows (heaven Knows)<\/td><td class=\"column-2\">S\u00f3 Deus Sabe<br \/>\r\n<br \/>\r\nFundo, profundamente nos nossos cora\u00e7\u00f5es<br \/>\r\nEstranhos \u00e0 parte<br \/>\r\nOh por favor volta pra mim <br \/>\r\nPara n\u00e3o mais me abandonar <br \/>\r\nNunca sofrer <br \/>\r\nEu dava-te o meu mundo <br \/>\r\n<br \/>\r\nManda-a, manda-a embora para sua tristeza <br \/>\r\nEu nunca te deixarei livre <br \/>\r\nN\u00e3o mais, n\u00e3o mais uma vida sem sentido<br \/>\r\nTu e eu fugiremos para <br \/>\r\nAmar, na minha mente <br \/>\r\nAmar, na minha alma <br \/>\r\nEu simplesmente n\u00e3o posso deix\u00e1-lo ir <br \/>\r\nTristeza preenche a minha vida <br \/>\r\nOh minha in\u00fatil condi\u00e7\u00e3o<br \/>\r\nS\u00f3 Deus sabe<br \/>\r\n<br \/>\r\nTristeza preenche a minha vida, Tristeza preenche a minha vida...<br \/>\r\n<br \/>\r\nL\u00e1grimas, rasgando a noite <br \/>\r\nTristeza foge <br \/>\r\nOh por favor volta pra mim <br \/>\r\nAcreditamos um no outro<br \/>\r\nNunca sofrer <br \/>\r\nEu dava-te o meu mundo<br \/>\r\n<br \/>\r\nManda-a, manda-a embora para sua tristeza <br \/>\r\nEu nunca te deixarei livre <br \/>\r\nN\u00e3o mais, n\u00e3o mais uma vida sem sentido<br \/>\r\nTu e eu fugiremos para <br \/>\r\nAmar, na minha mente <br \/>\r\nAmar, na minha alma <br \/>\r\nEu simplesmente n\u00e3o posso deix\u00e1-lo ir <br \/>\r\nTristeza preenche a minha vida <br \/>\r\nOh minha in\u00fatil condi\u00e7\u00e3o<br \/>\r\nS\u00f3 Deus sabe<br \/>\r\n<br \/>\r\nTristeza preenche a minha vida<br \/>\r\nTristeza preenche a minha vida<br \/>\r\nTristeza preenche a minha vida<br \/>\r\nTristeza preenche a minha vida<br \/>\r\nTristeza preenche a minha vida<br \/>\r\n<br \/>\r\n<br \/>\r\n<br \/>\r\nFechar esta Janela<\/td>\n\t<\/tr>\n\t<tr class=\"row-4 even\">\n\t\t<td class=\"column-1\"><\/td><td class=\"column-2\"><\/td>\n\t<\/tr>\n\t<tr class=\"row-5 odd\">\n\t\t<td class=\"column-1\"><\/td><td class=\"column-2\"><\/td>\n\t<\/tr>\n\t<tr class=\"row-6 even\">\n\t\t<td class=\"column-1\"><\/td><td class=\"column-2\"><\/td>\n\t<\/tr>\n<\/tbody>\n<\/table>\n\n<p><em>Legenda :<\/em><br \/>\n(&#8230;) = backvocals<br \/>\n&#8230; = voz arrastada<\/p>\n<p><strong>Erin Shore Intro<\/strong><\/p>\n<p>Instrumental<\/p>\n<p><strong>Forgiven not Forgotten<\/strong><\/p>\n<p>All alone staring on watching her life going by<br \/>\nWhen her days are grey and her nights are black<br \/>\nDifferent shades of mundane<br \/>\nAnd the one eyed furry toy that lays upon the bed<br \/>\nHas often heard her cries<br \/>\nAnd heard her whisper out a name long forgiven,<br \/>\nbut not forgotten<\/p>\n<p>You&#8217;re forgiven, not forgotten<br \/>\nYou&#8217;re forgiven, not forgotten<br \/>\nYou&#8217;re forgiven, not forgotten<br \/>\nYou&#8217;re not forgotten<\/p>\n<p>A bleeding heart torn apart, left on an icy grave<br \/>\nIn their room where they once lay face to face<br \/>\nNothing could get in the way<br \/>\nBut now the memories of a man are haunting her days<br \/>\nAnd the craving never fades<br \/>\nShe&#8217;s still dreaming of a man long forgiven, not forgotten<\/p>\n<p>You&#8217;re forgiven, not forgotten<br \/>\nYou&#8217;re forgiven, not forgotten<br \/>\nYou&#8217;re forgiven, not forgotten<br \/>\nYou&#8217;re not forgotten<\/p>\n<p>Still alone staring on, wishing her life goodbye<br \/>\nAs she goes searching for the man long forgiven, but not forgotten<\/p>\n<p>You&#8217;re forgiven, not forgotten<br \/>\nYou&#8217;re forgiven, not forgotten<br \/>\nYou&#8217;re forgiven, not forgotten<br \/>\nYou&#8217;re forgiven, not forgotten<br \/>\nYou&#8217;re forgiven, not forgotten<br \/>\nYou&#8217;re forgiven, not forgotten<br \/>\nYou&#8217;re forgiven, not forgotten<br \/>\nYou&#8217;re forgiven, not forgotten<br \/>\nYou&#8217;re not forgotten, You&#8217;re not forgotten,<br \/>\nNo you&#8217;re not forgotten<\/p>\n<p><strong>Heaven Knows<\/strong><\/p>\n<p>Deep, deep in our hearts, strangers apart<br \/>\nOh please come back to me,<br \/>\nno more to leave, never to grieve<br \/>\nI give my world to you<\/p>\n<p>Send, send her away to her greiving<br \/>\nI will never set you free<br \/>\nNo more, no more a life without meaning<br \/>\nYou and I will fly away to<br \/>\nLove in my mind, love in my soul<br \/>\nI just can&#8217;t let go<br \/>\nSadness fills my life<br \/>\nOh my fruitless plight<br \/>\nOnly heaven knows<\/p>\n<p>Tears, tears in the night, sorrow take flight<br \/>\nOh please come back to me<br \/>\nEach we believe, never to grieve<br \/>\nI give my world to you<\/p>\n<p>Send, send her away to her greiving<br \/>\nI will never set you free<br \/>\nNo more, no no more a life without meaning<br \/>\nYou and I will fly to love<br \/>\nLove in my mind, love in my soul<br \/>\nI just can&#8217;t let go<br \/>\nSadness fills my life<br \/>\nOh my fruitless plight<br \/>\nOnly heaven knows<\/p>\n<p>Sadness fills my life<br \/>\nSadness fills my life, oh yo<br \/>\nSadness fills my life<br \/>\nSadness fills my life, oh yo, oh yo , oh yo<\/p>\n<p>Send, oh send her away to her greiving<br \/>\nYou and I will fly away to<br \/>\nLove in my mind, love in my soul<br \/>\nI just can&#8217;t let go<br \/>\nSadness fills my life<br \/>\nOh my fruitless plight<br \/>\nOnly heaven knows<\/p>\n<p>Love in my mind, love in my soul<br \/>\nI just can&#8217;t let go<br \/>\nSadness fills my life<br \/>\nOh my fruitless plight<br \/>\nOnly heaven knows (Heaven Knows)<\/p>\n<p>Love in my mind, love in my soul<br \/>\nI just can&#8217;t let go (heaven knows)<br \/>\nSadness fills my life<br \/>\nOh my fruitless plight (No)<br \/>\nOnly heaven knows (heaven Knows)<\/p>\n<p><strong>Along with the Girls<\/strong><\/p>\n<p>Instrumental<\/p>\n<p><!--more--><br \/>\n<strong> <\/strong><\/p>\n<p><strong>Someday<\/strong><\/p>\n<p>Fragments of a love, that&#8217;s all we have<br \/>\nWhat we had was fantasy<br \/>\ndreams and photographs<br \/>\nHypnotic melodies could sing our song<br \/>\nA comfortable rhythm in a comfortless world<\/p>\n<p>(How do you know when love is gone ?)<br \/>\nThere&#8217;s so much more within me<br \/>\n(How do you know the passion&#8217;s gone ?)<\/p>\n<p>I know I just don&#8217;t feel it !<br \/>\n(How do you know when love is gone ?)<br \/>\nOh baby !<br \/>\n(How do you know the passion&#8217;s gone ?)<br \/>\nI know we have to move along<br \/>\n(Someday you&#8217;ll forget me,)<br \/>\nSomeday you&#8217;ll forget me<br \/>\n(Someday you&#8217;ll forget me,)<br \/>\nSomeday you&#8217;ll forget me<\/p>\n<p>A fragrant memory is soon to fade<br \/>\nWe lived our love of make believe,<br \/>\ndreams and fairy tales<br \/>\nNow we say goodbye, habitual romance<br \/>\nA rose without her petals<br \/>\nand a song without a dance<\/p>\n<p>(How do you know when love is gone ?)<br \/>\nThers&#8217;s so much more within me<br \/>\n(How do you know the passion&#8217;s gone ?)<br \/>\nI know I just don&#8217;t feel it !<br \/>\n(How do you know when love is gone ?)<br \/>\nOh baby !<br \/>\n(How do you know the passion&#8217;s gone ?)<br \/>\nI know we have to move along&#8230;<br \/>\n(Someday you&#8217;ll forget me)<br \/>\nsomeday you&#8217;ll forget me<br \/>\n(Someday you&#8217;ll forget me)<br \/>\nsomeday you&#8217;ll forget me<\/p>\n<p>(How do you know when love is gone ?)<br \/>\nThe song has gone within me<br \/>\n(How do you know when passion&#8217;s gone ?)<br \/>\nI know we have to move along&#8230;<br \/>\n(Someday you&#8217;ll forget me)<br \/>\nsomeday you&#8217;ll forget me<br \/>\n(Someday you&#8217;ll forget me)<br \/>\nsomeday you&#8217;ll forget me&#8230;<br \/>\n(Someday you&#8217;ll forget me)<br \/>\nsomeday you&#8217;ll forget me<br \/>\n(Someday you&#8217;ll forget me)<br \/>\nsomeday you&#8217;ll forget me<br \/>\n(Someday you&#8217;ll forget me&#8230;.)<\/p>\n<p>Someday you&#8217;ll forget me, someday you&#8217;ll forget me<\/p>\n<p><strong>Runaway<\/strong><\/p>\n<p>Say it&#8217;s true, there&#8217;s nothing<br \/>\nlike me and you<br \/>\nI&#8217;m not alone, tell me you feel it too<\/p>\n<p>And I would runaway,<br \/>\nI would runaway, yeah&#8230; yeah<br \/>\nI would runaway<br \/>\nI would runaway with you<\/p>\n<p>&#8216;Cos I &#8230; am falling in love with you<br \/>\nNo never.. , I&#8217;m never gonna to stop<br \/>\nFalling in love with you..<\/p>\n<p>Close the door, lay down upon the floor<br \/>\nAnd by candle light<br \/>\nmake love to me through the night<br \/>\n(through the night)<\/p>\n<p>&#8216;Cos I have runaway&#8230;, I have runaway yeah<br \/>\nI have runaway, runaway<br \/>\nI have runaway with you<\/p>\n<p>&#8216;Cos I&#8230; am falling in love&#8230; (falling in love) with you<br \/>\nNo never, I&#8217;m never gonna stop<br \/>\nfalling in love with you<br \/>\nWith you&#8230;<\/p>\n<p>And I would runaway,<br \/>\nI would runaway yeah&#8230;<br \/>\nI would runaway,<br \/>\nI would runaway with you<\/p>\n<p>&#8216;Cos I am falling in love (falling in love) with you<br \/>\nNo never, I&#8217;m never gonna to stop<br \/>\nfalling in love with you&#8230;yeah<br \/>\nFalling in love (Falling in love)<br \/>\nWith you..<br \/>\nNo never, I&#8217;m never going to stop<br \/>\nfalling in love with you<\/p>\n<p>With you&#8230; My Love<\/p>\n<p>With you&#8230; With You &#8230;<br \/>\nYa ra ra Ya ra ra &#8230;<\/p>\n<p><strong>The Right Time<\/strong><\/p>\n<p>This is the right time&#8230;<br \/>\nonce in a lifetime&#8230;<\/p>\n<p>So I find it hard to sleep, don&#8217;t you know<br \/>\nThe sun is shining in my window, life&#8217;s in flow<br \/>\nMakin&#8217; music in the morning, laughter&#8217;s light<br \/>\nCreativity touches in full flight<\/p>\n<p>This is the right time&#8230;, once in a lifetime&#8230;<\/p>\n<p>Keep it going, let&#8217;s not lose it, feel the flow<br \/>\nOhhhh! flying free in a fantasy, with you I&#8217;ll go&#8230;<\/p>\n<p>This is the right time&#8230;, once in a lifetime&#8230;<\/p>\n<p>Now something has entered my mind<br \/>\nShattering all of my thoughts<br \/>\nIt&#8217;s no good, it just will be waste of my time,<br \/>\nbut what can I do to recall&#8230;<\/p>\n<p>This is the right time.., once in a lifetime..<br \/>\nThis is the right time.., once in a lifetime..<br \/>\nThis is the right time.., once in a lifetime..<br \/>\nThis is the right time.., once in a lifetime..<br \/>\nThis is the right time.., once in a lifetime..<br \/>\nThis is the right time.., once in a lifetime..<\/p>\n<p><strong>The Ministrel Boy<\/strong><\/p>\n<p>Instrumental<\/p>\n<p><strong>Toss the Feathers<\/strong><\/p>\n<p>Instrumental<\/p>\n<p><strong>Love to Love You<\/strong><\/p>\n<p>I would love to love you like you do me&#8230;<br \/>\nI&#8217;d love to love you like you do me<br \/>\nThere&#8217;s a pillar in my way you see&#8230;<br \/>\nI&#8217;d love to love you like you do me<\/p>\n<p>I met you on a sunny Autumn day<br \/>\nYou instantly attracted me<br \/>\nWhen asking for the way<br \/>\nGod if I had known the pain<br \/>\nI&#8217;d make you feel<br \/>\nI would have stopped this start of us,<br \/>\nAnd turned upon my heel<\/p>\n<p>(Go you should leave me)<br \/>\nTime make it be alright<br \/>\n(Go you must leave me)<br \/>\nTime will help you see the light<br \/>\n(You don&#8217;t need me)<br \/>\nTime make it be alright<br \/>\n(Go you must leave me)<br \/>\nBelieve me when I tell you..<\/p>\n<p>I would love to love you like you do me&#8230;<br \/>\nI&#8217;d love to love you like you do me<br \/>\nThere&#8217;s a pillar in my way you see&#8230;<br \/>\nI&#8217;d love to love you like you do me<\/p>\n<p>You recognised my barrier to love<br \/>\nI know there&#8217;s nothing worse<br \/>\nthan unrequited love (unrequited love)<br \/>\nSo I prayed to God that<br \/>\nI could give the love you gave to me<br \/>\nBut something&#8217;s lying in my way,<br \/>\npreventing it to be<\/p>\n<p>(Go you should leave me)<br \/>\nTime make it be alright<br \/>\n(Go you must leave me)<br \/>\nBelieve me when I tell you<\/p>\n<p>I would love to love you like you do me&#8230;<br \/>\nI&#8217;d love to love you like you do me<br \/>\nThere&#8217;s a pillar in my way you see&#8230;<br \/>\nI&#8217;d love to love you like you do me<\/p>\n<p>I would love to love you like you do me&#8230;<br \/>\nI&#8217;d love to love you like you do me<br \/>\nThere&#8217;s a pillar in my way you see&#8230;<br \/>\nI&#8217;d love to love you like you do me<\/p>\n<p>Break those pillars down<br \/>\nBreak those pillars down<br \/>\nTake those pillars down, down, down<br \/>\nOh, take those pillars down<br \/>\n(Love to love you like you do me)<br \/>\nBreak those pillars down<br \/>\n(Love to love you like you do me)<br \/>\nOh take those pillars down<br \/>\n(Love to love you)<br \/>\n(Love to love you)<br \/>\n(Love to love you)<br \/>\nTake those pillars down<br \/>\n(Love to love you)<\/p>\n<p><strong>Secret Life<\/strong><\/p>\n<p>From red giant to supernova<br \/>\nBack to you and me<br \/>\nA cloaked entity within a virtual reality<br \/>\nMechanised and organised<br \/>\nTo me it&#8217;s plain to see<br \/>\nThe hand that&#8217;s been busy weaving fantasy<br \/>\nIt&#8217;s so hard to understand<br \/>\nAnd often we are blind<br \/>\nBut if truth were an ocean<br \/>\nwould it fit in the pool of a human mind<\/p>\n<p>You&#8217;re all alone<br \/>\nAnd it doesn&#8217;t seem quite fair<br \/>\nWhy we&#8217;re all left in ignorance<br \/>\nTurning to despair (turning to despair..)<br \/>\nPhilosophy and theology offer us a glimpse<br \/>\nAt something more incredible (incredible)<br \/>\nThan you and I<\/p>\n<p>So call on the secret life<br \/>\nCall on the secret life<br \/>\nShow me the way of life<br \/>\nBring on the secret life<\/p>\n<p>Evangelists, scientologists,<br \/>\nand others I won&#8217;t mention<br \/>\nOffer lessons in codology<br \/>\nto all with good intention (intention)<br \/>\nListen at your peril,<br \/>\nput your soul in detention<br \/>\nResensitise yourself<br \/>\nto this incredible dimension<\/p>\n<p>When you&#8217;re all alone<br \/>\nAnd it doesn&#8217;t seem quite fair<br \/>\nWhy we&#8217;re all left in ignorance<br \/>\nTurning to despair (turning to despair)<br \/>\nPhilosophy and theology offer us a glimpse<br \/>\nAt something more incredible (incredible)<br \/>\nThan you and I<\/p>\n<p>So call on the secret life<br \/>\nCall on the secret life<br \/>\nShow me the way of life<br \/>\nBring on the secret life<\/p>\n<p>(I think, therefore I am)<br \/>\n(I think, therefore I am)<\/p>\n<p>And you&#8217;re all alone,<br \/>\nAnd it doesn&#8217;t seem quite fair<br \/>\nWhy we&#8217;re all left in ignorance<br \/>\nTurning to despair (turning to despair)<br \/>\nPhilosophy and theology offer us a glimpse<br \/>\nAt something more incredible (incredible)<br \/>\nThan you and I<\/p>\n<p>So call on the secret life<br \/>\nCall on the secret life<br \/>\nShow me the way of life<br \/>\nBring on the secret life<\/p>\n<p>Call on the secret life (turning to despair)<br \/>\nCall on the secret life (turning to despair)<br \/>\nShow me the way of life (turning to despair)<br \/>\nBring on the secret life (turning to despair)<br \/>\nCall on the secret life (turning to despair)<br \/>\nCall on the secret life (turning to despair)<br \/>\nShow me the way of life (turning to despair)<br \/>\nBring on the secret life (turning to despair)<\/p>\n<p><strong>Carraoe Jig<\/strong><\/p>\n<p>Instrumental<!--more--><\/p>\n<p><strong>Closer<\/strong><\/p>\n<p>I see you, walking everyday<br \/>\nWith a smile beneath frown<br \/>\nBut I won&#8217;t look away, yeah<br \/>\nWhat does it mean?<br \/>\nWhat&#8217;s there to see?<br \/>\nIf I look closer<\/p>\n<p>Closer, closer<br \/>\nCloser, closer<br \/>\nCloser, closer<br \/>\nCloser, closer<\/p>\n<p>Where are you going?<br \/>\nAnd what are you thinking at all?<br \/>\nYour eyes show nothing more<br \/>\nThan a dazed oblivion<br \/>\nWhat does it mean?<br \/>\nWhat will I see?<br \/>\nWhen I look closer<\/p>\n<p>Closer, closer<br \/>\nCloser, closer<br \/>\nCloser, closer<br \/>\nCloser, closer&#8230;, ah yeah<\/p>\n<p>You don&#8217;t see me<br \/>\nWatching everyday<br \/>\nMy smile could warm your frown<br \/>\nAnd I&#8217;d never look away (never look away)<\/p>\n<p>There&#8217;s more to me (there&#8217;s more to me)<br \/>\nThan what you see<br \/>\nWhen you look<\/p>\n<p>Closer, closer<br \/>\nCloser, closer<br \/>\nCloser&#8230;, closer<br \/>\nCloser, closer<\/p>\n<p>Closer (no oh oh) Closer<br \/>\nCloser&#8230;, ah yeah-ie&#8230; yeah i yeah<br \/>\nCloser (ah ha) closer (ah ah )<br \/>\ncloser , no, no &#8230; (ah ah) (ah ah )<\/p>\n<p>(ah ah, ah ah, ah ah, ah ah) ah Closer<!--more--><\/p>\n<p><strong>Leave me Alone<\/strong><br \/>\n<em> <\/em><br \/>\n(I feel u&#8230;)<\/p>\n<p>I&#8217;m alone<br \/>\nHiding in the dark<br \/>\nI&#8217;m looking for a life to come and rescue me<br \/>\nI sleep, I rise,<br \/>\nHear your denies<br \/>\nEndlessly inside<br \/>\nIt&#8217;s crazy but<\/p>\n<p>(Sometimes I feel like)<br \/>\nI wanna&#8217; run away<br \/>\n(Sometimes I feel like)<br \/>\nI&#8217;ve gotta&#8217; get away<br \/>\n(One day you will see)<br \/>\nAnother side of me<br \/>\n(My life I command)<br \/>\nIt&#8217;s not the way that you planned<\/p>\n<p>Leave me alone (leave me alone)<br \/>\nLeave me alone<br \/>\nOut on my own (out on my own)<br \/>\nLeave me alone<\/p>\n<p>What do you want from me<br \/>\nDo you dream of a life, your life through me<br \/>\nMyself, my time, in one we unite<br \/>\nI don&#8217;t ever want to be that girl<\/p>\n<p>You want it to be<br \/>\n(Sometimes I feel like)<br \/>\nBut I want to run away<br \/>\n(Sometimes I feel like)<br \/>\nI&#8217;ve gotta&#8217; get away<br \/>\n(One day you will see)<br \/>\nAnother side of me<br \/>\n(My life I command)<br \/>\nIt&#8217;s not the way that you planned<\/p>\n<p>Leave me alone (leave me alone)<br \/>\nLeave me alone<br \/>\nOut on my own (out on my own)<br \/>\nLeave me alone&#8230; weah&#8230;..<\/p>\n<p>(One day you will see)<br \/>\nAnother side of me<br \/>\n(My life I command)<br \/>\nIt&#8217;s not the way&#8230;.<br \/>\nIt&#8217;s not the way that you planned<\/p>\n<p>Leave me alone (leave me alone)<br \/>\nLeave me alone<br \/>\nOut on my own (out on my own)<br \/>\nLeave me alone<\/p>\n<p>Leave me alone (leave me alone)<br \/>\nLeave me alone<br \/>\nOut on my own (out on my own)<br \/>\nLeave me alone<\/p>\n<p>Leave me alone (leave me alone)<br \/>\nLeave me alone<br \/>\nOut on my own (out on my own)<br \/>\nLeave me alone<!--more--><\/p>\n<p><strong>Lough Erin Shore<\/strong><\/p>\n<p>Instrumental<\/p>\n","protected":false},"excerpt":{"rendered":"<p>Legenda : (&#8230;) = backvocals &#8230; = voz arrastada Erin Shore Intro Instrumental Forgiven not Forgotten All alone staring on watching her life going by When her days are grey and her nights are black Different shades of mundane And the one eyed furry toy that lays upon the bed Has often heard her cries [&hellip;]<\/p>\n","protected":false},"author":2,"featured_media":0,"parent":36,"menu_order":0,"comment_status":"open","ping_status":"open","template":"","meta":{"footnotes":""},"class_list":["post-46","page","type-page","status-publish","hentry"],"_links":{"self":[{"href":"https:\/\/www.corrspt.com\/site\/index.php?rest_route=\/wp\/v2\/pages\/46","targetHints":{"allow":["GET"]}}],"collection":[{"href":"https:\/\/www.corrspt.com\/site\/index.php?rest_route=\/wp\/v2\/pages"}],"about":[{"href":"https:\/\/www.corrspt.com\/site\/index.php?rest_route=\/wp\/v2\/types\/page"}],"author":[{"embeddable":true,"href":"https:\/\/www.corrspt.com\/site\/index.php?rest_route=\/wp\/v2\/users\/2"}],"replies":[{"embeddable":true,"href":"https:\/\/www.corrspt.com\/site\/index.php?rest_route=%2Fwp%2Fv2%2Fcomments&post=46"}],"version-history":[{"count":11,"href":"https:\/\/www.corrspt.com\/site\/index.php?rest_route=\/wp\/v2\/pages\/46\/revisions"}],"predecessor-version":[{"id":149,"href":"https:\/\/www.corrspt.com\/site\/index.php?rest_route=\/wp\/v2\/pages\/46\/revisions\/149"}],"up":[{"embeddable":true,"href":"https:\/\/www.corrspt.com\/site\/index.php?rest_route=\/wp\/v2\/pages\/36"}],"wp:attachment":[{"href":"https:\/\/www.corrspt.com\/site\/index.php?rest_route=%2Fwp%2Fv2%2Fmedia&parent=46"}],"curies":[{"name":"wp","href":"https:\/\/api.w.org\/{rel}","templated":true}]}}