{"id":25,"date":"2008-09-25T21:50:48","date_gmt":"2008-09-25T20:50:48","guid":{"rendered":"http:\/\/www.corrspt.com\/v2\/?page_id=25"},"modified":"2009-09-12T20:17:44","modified_gmt":"2009-09-12T19:17:44","slug":"perfil-dos-elementos-da-banda","status":"publish","type":"page","link":"https:\/\/www.corrspt.com\/site\/?page_id=25","title":{"rendered":"Perfil dos elementos"},"content":{"rendered":"<h2>Perfil dos Elementos da Banda<\/h2>\n<p>Apesar de serem todos irm\u00e3os, cada membro da banda tem caracter\u00edsticas \u00fanicas que s\u00e3o desvendadas nesta sec\u00e7\u00e3o do site: informa\u00e7\u00f5es curiosas, datas de nascimentos, v\u00edcios e etc&#8230; tudo \u00e9 desvendado aqui nesta sec\u00e7\u00e3o.<\/p>\n<p><a title=\"Andrea Corr\" href=\"http:\/\/www.corrspt.com\/v2\/?page_id=80\" target=\"_self\">Andrea<\/a><\/p>\n<p><a title=\"Caroline Corr\" href=\"http:\/\/www.corrspt.com\/v2\/?page_id=85\" target=\"_self\">Caroline<\/a><\/p>\n<p><a title=\"Jim Corr\" href=\"http:\/\/www.corrspt.com\/v2\/?page_id=90\" target=\"_self\">Jim<\/a><\/p>\n<p><a title=\"Sharon Corr\" href=\"http:\/\/www.corrspt.com\/v2\/?page_id=87\" target=\"_self\">Sharon<\/a><\/p>\n","protected":false},"excerpt":{"rendered":"<p>Perfil dos Elementos da Banda Apesar de serem todos irm\u00e3os, cada membro da banda tem caracter\u00edsticas \u00fanicas que s\u00e3o desvendadas nesta sec\u00e7\u00e3o do site: informa\u00e7\u00f5es curiosas, datas de nascimentos, v\u00edcios e etc&#8230; tudo \u00e9 desvendado aqui nesta sec\u00e7\u00e3o. Andrea Caroline Jim Sharon<\/p>\n","protected":false},"author":1,"featured_media":0,"parent":3,"menu_order":0,"comment_status":"open","ping_status":"open","template":"","meta":{"footnotes":""},"class_list":["post-25","page","type-page","status-publish","hentry"],"_links":{"self":[{"href":"https:\/\/www.corrspt.com\/site\/index.php?rest_route=\/wp\/v2\/pages\/25","targetHints":{"allow":["GET"]}}],"collection":[{"href":"https:\/\/www.corrspt.com\/site\/index.php?rest_route=\/wp\/v2\/pages"}],"about":[{"href":"https:\/\/www.corrspt.com\/site\/index.php?rest_route=\/wp\/v2\/types\/page"}],"author":[{"embeddable":true,"href":"https:\/\/www.corrspt.com\/site\/index.php?rest_route=\/wp\/v2\/users\/1"}],"replies":[{"embeddable":true,"href":"https:\/\/www.corrspt.com\/site\/index.php?rest_route=%2Fwp%2Fv2%2Fcomments&post=25"}],"version-history":[{"count":5,"href":"https:\/\/www.corrspt.com\/site\/index.php?rest_route=\/wp\/v2\/pages\/25\/revisions"}],"predecessor-version":[{"id":121,"href":"https:\/\/www.corrspt.com\/site\/index.php?rest_route=\/wp\/v2\/pages\/25\/revisions\/121"}],"up":[{"embeddable":true,"href":"https:\/\/www.corrspt.com\/site\/index.php?rest_route=\/wp\/v2\/pages\/3"}],"wp:attachment":[{"href":"https:\/\/www.corrspt.com\/site\/index.php?rest_route=%2Fwp%2Fv2%2Fmedia&parent=25"}],"curies":[{"name":"wp","href":"https:\/\/api.w.org\/{rel}","templated":true}]}}