{"id":23,"date":"2008-09-25T21:49:07","date_gmt":"2008-09-25T20:49:07","guid":{"rendered":"http:\/\/www.corrspt.com\/v2\/?page_id=23"},"modified":"2009-09-12T12:01:30","modified_gmt":"2009-09-12T11:01:30","slug":"biografia-da-banda","status":"publish","type":"page","link":"https:\/\/www.corrspt.com\/site\/?page_id=23","title":{"rendered":"Biografia da Banda"},"content":{"rendered":"<h2>Biografia<\/h2>\n<p>Os The Corrs s\u00e3o um quarteto irland\u00eas constitu\u00eddo por 4 irm\u00e3os, mais precisamente 3 irm\u00e3s e 1 irm\u00e3o : Andrea Corr (17 Maio de 1974), Sharon Corr ( 24 Mar\u00e7o de 1970), Caroline Corr (17 Mar\u00e7o de 1973) e Jim Corr (31 Julho de 1964). Filhos de Jean e Gerry Corr. Os quatro formaram a banda h\u00e1 quase 20 anos atr\u00e1s (ou seja em 1990). Qual a diferen\u00e7a da m\u00fasica dos Corrs e dos outros? Eles conseguiram uma fus\u00e3o perfeita entre o pop\/rock moderno e a m\u00fasica tradicional irlandesa.<\/p>\n","protected":false},"excerpt":{"rendered":"<p>Biografia Os The Corrs s\u00e3o um quarteto irland\u00eas constitu\u00eddo por 4 irm\u00e3os, mais precisamente 3 irm\u00e3s e 1 irm\u00e3o : Andrea Corr (17 Maio de 1974), Sharon Corr ( 24 Mar\u00e7o de 1970), Caroline Corr (17 Mar\u00e7o de 1973) e Jim Corr (31 Julho de 1964). Filhos de Jean e Gerry Corr. Os quatro formaram [&hellip;]<\/p>\n","protected":false},"author":1,"featured_media":0,"parent":3,"menu_order":0,"comment_status":"open","ping_status":"open","template":"","meta":{"footnotes":""},"class_list":["post-23","page","type-page","status-publish","hentry"],"_links":{"self":[{"href":"https:\/\/www.corrspt.com\/site\/index.php?rest_route=\/wp\/v2\/pages\/23","targetHints":{"allow":["GET"]}}],"collection":[{"href":"https:\/\/www.corrspt.com\/site\/index.php?rest_route=\/wp\/v2\/pages"}],"about":[{"href":"https:\/\/www.corrspt.com\/site\/index.php?rest_route=\/wp\/v2\/types\/page"}],"author":[{"embeddable":true,"href":"https:\/\/www.corrspt.com\/site\/index.php?rest_route=\/wp\/v2\/users\/1"}],"replies":[{"embeddable":true,"href":"https:\/\/www.corrspt.com\/site\/index.php?rest_route=%2Fwp%2Fv2%2Fcomments&post=23"}],"version-history":[{"count":3,"href":"https:\/\/www.corrspt.com\/site\/index.php?rest_route=\/wp\/v2\/pages\/23\/revisions"}],"predecessor-version":[{"id":28,"href":"https:\/\/www.corrspt.com\/site\/index.php?rest_route=\/wp\/v2\/pages\/23\/revisions\/28"}],"up":[{"embeddable":true,"href":"https:\/\/www.corrspt.com\/site\/index.php?rest_route=\/wp\/v2\/pages\/3"}],"wp:attachment":[{"href":"https:\/\/www.corrspt.com\/site\/index.php?rest_route=%2Fwp%2Fv2%2Fmedia&parent=23"}],"curies":[{"name":"wp","href":"https:\/\/api.w.org\/{rel}","templated":true}]}}