{"id":87,"date":"2009-09-12T12:21:47","date_gmt":"2009-09-12T11:21:47","guid":{"rendered":"http:\/\/www.corrspt.com\/v2\/?page_id=87"},"modified":"2009-09-12T19:05:50","modified_gmt":"2009-09-12T18:05:50","slug":"sharon-corr","status":"publish","type":"page","link":"http:\/\/www.corrspt.com\/site\/?page_id=87","title":{"rendered":"Sharon Corr"},"content":{"rendered":"<p style=\"text-align: center;\"><img loading=\"lazy\" decoding=\"async\" class=\"aligncenter size-medium wp-image-119\" style=\"border: 1px solid #000000;\" title=\"Sharon Corr\" src=\"http:\/\/www.corrspt.com\/v2\/wp-content\/uploads\/2009\/09\/sharon18-300x248.jpg\" alt=\"Sharon Corr\" width=\"300\" height=\"248\" srcset=\"http:\/\/www.corrspt.com\/site\/wp-content\/uploads\/2009\/09\/sharon18-300x248.jpg 300w, http:\/\/www.corrspt.com\/site\/wp-content\/uploads\/2009\/09\/sharon18.jpg 400w\" sizes=\"auto, (max-width: 300px) 100vw, 300px\" \/><\/p>\n<p><em> <span style=\"color: #000080;\">&#8220;Havia um padre na minha vila que ensinava violino. Tinha sete anos quando tive a minha primeira aula. S\u00f3 faltei a um aula durante toda a minha vida!!&#8221;<\/span><\/em><\/p>\n<p><span style=\"color: #000080;\">Que h\u00e1 para saber sobre Sharon?<\/p>\n<p>Nome completo: Sharon Helga Corr<\/p>\n<p>Data de nascimento: 24 de mar\u00e7o de 1970<\/p>\n<p>Altura: 1.65m<\/p>\n<p>Instrumentos: Violino<\/p>\n<p>Mania: Fuma<\/p>\n<p>Gosta de pessoas que: S\u00e3o honestas<\/p>\n<p>Frases: <em><span style=\"color: #000080;\">&#8220;Eu n\u00e3o acordo de manh\u00e3 e digo: &#8216; Ai, irm\u00e3 tu \u00e9s linda!! \u00c9 um grande desafio n\u00e3o matarmos uns aos outros &#8220;<\/span><br \/>\n<\/em><\/p>\n<p><\/span><\/p>\n<p>Sharon \u00e9 a rapariga mais velha e o segundo membro mais alto da fam\u00edlia (depois de Jim).<br \/>\nEla toca o violino e faz a maioria das vozes de fundo. \u00c1s vezes \u00e9 possivel v\u00ea-la a fazer as duas coisas ao mesmo tempo.<\/p>\n<p>Que seria dos The Corrs sem o doce e tradicional som do violino ? Na minha opini\u00e3o muito pouco. Visto que os Corrs s\u00e3o uma mistura de pop\/rock moderno e tradicional, se retir\u00e1ssemos o violino onde \u00e9 que estaria o elemento tradicional? O violino \u00e9 uma parte vital da m\u00fasica dos The Corrs, n\u00e3o h\u00e1 nada mais brilhante do que ouvir uma violino manejado pelas h\u00e1beis m\u00e3os de Sharon. S\u00f3 de pensar os The Corrs sem o violino (\u00c9 de meter medo!!).<\/p>\n<p>N\u00e3o existem muitas palavras que consigam descrever o efeito produzido pelo som do violino de Sharon .. \u00e9 m\u00e1gico. As sua apari\u00e7\u00f5es em palco s\u00e3o muito divertidas elas est\u00e1 sempre a interagir com o p\u00fablico (quer falando , quer sorrindo ).<\/p>\n<p>Vendo o modo como ela fala e actua pode-se pensar que ela \u00e9 o chefe do grupo , aquela que est\u00e1 sempre a tentar manter as coisas sobre controlo, mas quem juga isso est\u00e1 redondamente enganado: Ela \u00e9 a pessoa mais amorosa que se pode p\u00f4r os olhos em cima. Sempre feliz por falar com os f\u00e3s, por tirar fotografias com eles , sorrir etc&#8230; .<br \/>\nSim ela fala pelos cotovelos e isso pode criar a imagem (errada) da chefe. Ela prefere ser alcunhada de &#8220;Organizada&#8221;.<\/p>\n<p>Cada um dos Corrs toca um intrumento (pelo menos), o que para tocar ao vivo requere muita habilidade e muito ensaio. O som tem de rasgar a perfei\u00e7\u00e3o porque a m\u00fasica dos Corrs permite ouvir todas as notas, mas tamb\u00e9m todos os erros. E Sharon \u00e9 apenas um ser humano por isso tem faz os seus (poucos, mas tamb\u00e9m os faz), como por exemplo come\u00e7ar a tocar mais cedo do que o previsto e provocar no p\u00fablico uma risada geral e o p\u00fablico adora.<\/p>\n<p>N\u00e3o s\u00f3 \u00e9 uma talentosa m\u00fasica , mas tamb\u00e9m uma beldade, os seus olhos verdes enaltecem em muito a beleza do seu rosto, Portanto se Andrea \u00e9 fabulosa, Caroline \u00e9 gira , ent\u00e3o Sharon \u00e9 verdadeiramente linda!<\/p>\n<p>Sem ela os Corrs n\u00e3o se iriam diferenciar de todas as outras bandas existentes na Irlanda e no Mundo.<\/p>\n","protected":false},"excerpt":{"rendered":"<p>&#8220;Havia um padre na minha vila que ensinava violino. Tinha sete anos quando tive a minha primeira aula. S\u00f3 faltei a um aula durante toda a minha vida!!&#8221; Que h\u00e1 para saber sobre Sharon? Nome completo: Sharon Helga Corr Data de nascimento: 24 de mar\u00e7o de 1970 Altura: 1.65m Instrumentos: Violino Mania: Fuma Gosta de [&hellip;]<\/p>\n","protected":false},"author":2,"featured_media":0,"parent":25,"menu_order":0,"comment_status":"open","ping_status":"open","template":"","meta":{"footnotes":""},"class_list":["post-87","page","type-page","status-publish","hentry"],"_links":{"self":[{"href":"http:\/\/www.corrspt.com\/site\/index.php?rest_route=\/wp\/v2\/pages\/87","targetHints":{"allow":["GET"]}}],"collection":[{"href":"http:\/\/www.corrspt.com\/site\/index.php?rest_route=\/wp\/v2\/pages"}],"about":[{"href":"http:\/\/www.corrspt.com\/site\/index.php?rest_route=\/wp\/v2\/types\/page"}],"author":[{"embeddable":true,"href":"http:\/\/www.corrspt.com\/site\/index.php?rest_route=\/wp\/v2\/users\/2"}],"replies":[{"embeddable":true,"href":"http:\/\/www.corrspt.com\/site\/index.php?rest_route=%2Fwp%2Fv2%2Fcomments&post=87"}],"version-history":[{"count":2,"href":"http:\/\/www.corrspt.com\/site\/index.php?rest_route=\/wp\/v2\/pages\/87\/revisions"}],"predecessor-version":[{"id":120,"href":"http:\/\/www.corrspt.com\/site\/index.php?rest_route=\/wp\/v2\/pages\/87\/revisions\/120"}],"up":[{"embeddable":true,"href":"http:\/\/www.corrspt.com\/site\/index.php?rest_route=\/wp\/v2\/pages\/25"}],"wp:attachment":[{"href":"http:\/\/www.corrspt.com\/site\/index.php?rest_route=%2Fwp%2Fv2%2Fmedia&parent=87"}],"curies":[{"name":"wp","href":"https:\/\/api.w.org\/{rel}","templated":true}]}}