{"id":85,"date":"2009-09-12T12:14:14","date_gmt":"2009-09-12T11:14:14","guid":{"rendered":"http:\/\/www.corrspt.com\/v2\/?page_id=85"},"modified":"2009-09-12T19:01:55","modified_gmt":"2009-09-12T18:01:55","slug":"caroline-corr","status":"publish","type":"page","link":"http:\/\/www.corrspt.com\/site\/?page_id=85","title":{"rendered":"Caroline Corr"},"content":{"rendered":"<p><img loading=\"lazy\" decoding=\"async\" class=\"aligncenter size-medium wp-image-114\" title=\"Caroline Corr\" src=\"http:\/\/www.corrspt.com\/v2\/wp-content\/uploads\/2009\/09\/caroline13-300x249.jpg\" alt=\"Caroline Corr\" width=\"300\" height=\"249\" srcset=\"http:\/\/www.corrspt.com\/site\/wp-content\/uploads\/2009\/09\/caroline13-300x249.jpg 300w, http:\/\/www.corrspt.com\/site\/wp-content\/uploads\/2009\/09\/caroline13.jpg 400w\" sizes=\"auto, (max-width: 300px) 100vw, 300px\" \/><\/p>\n<p><em><span style=\"color: #000080;\">&#8220;N\u00f3s precis\u00e1vamos de um baterista, e eu .. n\u00e3o tinha nada melhor para fazer&#8230;&#8221;<\/span><\/em><\/p>\n<p><span style=\"color: #000080;\">O que querem saber sobre caroline?<\/p>\n<p>Nome completo : Caroline Georgine Corr<\/p>\n<p>Data de nascimento: 17 de mar\u00e7o de 1973<\/p>\n<p>Altura: 1.60m<\/p>\n<p>Instrumentos: Bodhr\u00e1n, piano e bateria<\/p>\n<p>Mania: Passar a m\u00e3o nos cabelos<\/p>\n<p>Gosta de pessoas que: S\u00e3o engra\u00e7adas e carism\u00e1ticas<\/p>\n<p><\/span><\/p>\n<p>Normalmente numa banda, uma rapariga costuma ocupar determinadas posi\u00e7\u00f5es (vocalista, guitarrista ou ou piano), mas baterista??? Pois \u00e9 a nossa querida Caroline quis fazer uma excep\u00e7\u00e3o \u00e0 regra. Ela tem provado ao longo dos \u00faltimos anos que uma rapariga pode tocar bateria t\u00e3o bem como um homem (ou at\u00e9 melhor).<\/p>\n<p>Caroline \u00e9 a segunda rapariga mais velha do grupo e a terceira mais baixa dos quatro.<br \/>\nJ\u00e1 atingiu uma coisa que nenhuma rapariga antes tinha conseguido no mundo da m\u00fasica&#8230; ser considerada um dos mais talentosos bateristas do mundo, e ela n\u00e3o \u00e9 um homem !!! (\u00f3bvio, claro est\u00e1). Al\u00e9m de ser muito boa a tocar o Bodhran, consegue transmitir uma sensa\u00e7\u00e3o de paix\u00e3o por aquilo que est\u00e1 a fazer que a tornam numa baterista e p\u00earas.<\/p>\n<p>Possivelmente \u00e9 a mais t\u00edmida dos quatro irm\u00e3os, mas tamb\u00e9m \u00e9 por isso a mais substimada. A forma como ela toca a bateria \u00e9 a principal e de criticas negativas que os The Corrs recebem ( que s\u00e3o totalmente injustas , mas cada um tem direito \u00e0 sua opini\u00e3o) Ela \u00e9 definitivamente uma grande baterista e a mais bonita de todas.<\/p>\n<p>Mas \u00e9 uma beleza ligeiramente diferente. Tem um pouco mais de m\u00fasculos que as irm\u00e3s por causa da sua fun\u00e7\u00e3o de baterista (que necessitam de for\u00e7a e resit\u00eancia nos bra\u00e7os) Por isso ela n\u00e3o \u00e9 t\u00e3o magrinha como Andrea e Sharon (sem ofensa , n\u00e3o me levem a mal)<br \/>\nNo entanto n\u00e3o deixa de ser t\u00e3o bonita como elas (sempre v\u00eam da mesma fam\u00edlia, n\u00e3o \u00e9??)<\/p>\n<p>Os intrumentos que Caroline toca s\u00e3o, a bateria, o Bodhran, o piano, e o tamborino(?) (em Old Town apenas).<br \/>\nUma das &#8220;imagens de marca&#8221; de Caroline s\u00e3o umas luvas pretas que usa durante todos os concertos. J\u00e1 me disseram que s\u00e3o luvas de golfe!! O bodhran \u00e9 um intrumento t\u00edpico irland\u00eas que Caroline adora tocar e ela aprendeu a toc\u00e1-lo, imaginem, com a ajuda de uma cassete de v\u00eddeo (isto \u00e9 que \u00e9 talento).<br \/>\nO Bodhran \u00e9 \u00fanico por causa da etiqueta &#8220;C\u00e9ltica&#8221; que os The Corrs t\u00eam. Outro instrumento \u00e9 o piano que especiamlente em &#8220;Runaway&#8221; &#8230; n\u00e3o h\u00e1 palavras para descrever, se ouvirem v\u00e3o perceber o que digo, \u00e9 simplesmente perfeito (deve ser por isso que a can\u00e7\u00e3o foi um sucesso estrondoso).<\/p>\n<p>Caroline a mais t\u00edmida do grupo deve ser admirada pela maneira como aguentou o sucesso e a fama espont\u00e2nea. Ao contr\u00e1rio de outras estrelas da m\u00fasica mundial que pensam que t\u00eam o mundo a seus p\u00e9s (N\u00e3o que os The Corrs n\u00e3o o merecessem), ela apresenta-se como a mesma pessoa que era antes de aparecer na ribalta do espet\u00e1culo.<br \/>\nA for\u00e7a que demonstra, o seu talento e a confian\u00e7a demonstrada fazem dela uma pessoa \u00fanica. E h\u00e1 que apreci\u00e1-la por esse facto.<\/p>\n","protected":false},"excerpt":{"rendered":"<p>&#8220;N\u00f3s precis\u00e1vamos de um baterista, e eu .. n\u00e3o tinha nada melhor para fazer&#8230;&#8221; O que querem saber sobre caroline? Nome completo : Caroline Georgine Corr Data de nascimento: 17 de mar\u00e7o de 1973 Altura: 1.60m Instrumentos: Bodhr\u00e1n, piano e bateria Mania: Passar a m\u00e3o nos cabelos Gosta de pessoas que: S\u00e3o engra\u00e7adas e carism\u00e1ticas [&hellip;]<\/p>\n","protected":false},"author":2,"featured_media":0,"parent":25,"menu_order":0,"comment_status":"open","ping_status":"open","template":"","meta":{"footnotes":""},"class_list":["post-85","page","type-page","status-publish","hentry"],"_links":{"self":[{"href":"http:\/\/www.corrspt.com\/site\/index.php?rest_route=\/wp\/v2\/pages\/85","targetHints":{"allow":["GET"]}}],"collection":[{"href":"http:\/\/www.corrspt.com\/site\/index.php?rest_route=\/wp\/v2\/pages"}],"about":[{"href":"http:\/\/www.corrspt.com\/site\/index.php?rest_route=\/wp\/v2\/types\/page"}],"author":[{"embeddable":true,"href":"http:\/\/www.corrspt.com\/site\/index.php?rest_route=\/wp\/v2\/users\/2"}],"replies":[{"embeddable":true,"href":"http:\/\/www.corrspt.com\/site\/index.php?rest_route=%2Fwp%2Fv2%2Fcomments&post=85"}],"version-history":[{"count":3,"href":"http:\/\/www.corrspt.com\/site\/index.php?rest_route=\/wp\/v2\/pages\/85\/revisions"}],"predecessor-version":[{"id":115,"href":"http:\/\/www.corrspt.com\/site\/index.php?rest_route=\/wp\/v2\/pages\/85\/revisions\/115"}],"up":[{"embeddable":true,"href":"http:\/\/www.corrspt.com\/site\/index.php?rest_route=\/wp\/v2\/pages\/25"}],"wp:attachment":[{"href":"http:\/\/www.corrspt.com\/site\/index.php?rest_route=%2Fwp%2Fv2%2Fmedia&parent=85"}],"curies":[{"name":"wp","href":"https:\/\/api.w.org\/{rel}","templated":true}]}}