{"id":38,"date":"2009-09-02T11:59:00","date_gmt":"2009-09-02T10:59:00","guid":{"rendered":"http:\/\/www.corrspt.com\/v2\/?page_id=38"},"modified":"2009-09-02T11:59:00","modified_gmt":"2009-09-02T10:59:00","slug":"traducoes-musicas","status":"publish","type":"page","link":"http:\/\/www.corrspt.com\/site\/?page_id=38","title":{"rendered":"Tradu\u00e7\u00f5es M\u00fasicas"},"content":{"rendered":"<p>Tradu\u00e7\u00f5es das M\u00fasicas<\/p>\n","protected":false},"excerpt":{"rendered":"<p>Tradu\u00e7\u00f5es das M\u00fasicas<\/p>\n","protected":false},"author":1,"featured_media":0,"parent":5,"menu_order":0,"comment_status":"open","ping_status":"open","template":"","meta":{"footnotes":""},"class_list":["post-38","page","type-page","status-publish","hentry"],"_links":{"self":[{"href":"http:\/\/www.corrspt.com\/site\/index.php?rest_route=\/wp\/v2\/pages\/38","targetHints":{"allow":["GET"]}}],"collection":[{"href":"http:\/\/www.corrspt.com\/site\/index.php?rest_route=\/wp\/v2\/pages"}],"about":[{"href":"http:\/\/www.corrspt.com\/site\/index.php?rest_route=\/wp\/v2\/types\/page"}],"author":[{"embeddable":true,"href":"http:\/\/www.corrspt.com\/site\/index.php?rest_route=\/wp\/v2\/users\/1"}],"replies":[{"embeddable":true,"href":"http:\/\/www.corrspt.com\/site\/index.php?rest_route=%2Fwp%2Fv2%2Fcomments&post=38"}],"version-history":[{"count":2,"href":"http:\/\/www.corrspt.com\/site\/index.php?rest_route=\/wp\/v2\/pages\/38\/revisions"}],"predecessor-version":[{"id":40,"href":"http:\/\/www.corrspt.com\/site\/index.php?rest_route=\/wp\/v2\/pages\/38\/revisions\/40"}],"up":[{"embeddable":true,"href":"http:\/\/www.corrspt.com\/site\/index.php?rest_route=\/wp\/v2\/pages\/5"}],"wp:attachment":[{"href":"http:\/\/www.corrspt.com\/site\/index.php?rest_route=%2Fwp%2Fv2%2Fmedia&parent=38"}],"curies":[{"name":"wp","href":"https:\/\/api.w.org\/{rel}","templated":true}]}}