{"id":3,"date":"2008-09-18T18:20:32","date_gmt":"2008-09-18T17:20:32","guid":{"rendered":"http:\/\/www.corrspt.com\/v2\/?page_id=3"},"modified":"2012-04-12T21:46:05","modified_gmt":"2012-04-12T20:46:05","slug":"a-banda","status":"publish","type":"page","link":"http:\/\/www.corrspt.com\/site\/?page_id=3","title":{"rendered":"A Banda"},"content":{"rendered":"<h2><a href=\"http:\/\/www.corrspt.com\/v2\/?page_id=23\" target=\"_self\">Biografia da Banda<\/a><\/h2>\n<p>Com uma carreira de v\u00e1rios anos h\u00e1 muito para contar, por isso, para facilitar, podem ver um resumo da evolu\u00e7\u00e3o da banda, desde a sua forma\u00e7\u00e3o at\u00e9 \u00e0 actualidade.<\/p>\n<h2><a href=\"http:\/\/www.corrspt.com\/v2\/?page_id=25\" target=\"_blank\">Perfis dos elementos da Banda<\/a><\/h2>\n<p>Para conhecer melhor cada elemento da banda: dados pessoais, cita\u00e7\u00f5es, outras informa\u00e7\u00f5es e algumas curiosidades sobre cada um deles.<\/p>\n<h2>Galeria de Imagens<\/h2>\n<p>Seria uma pena n\u00e3o haverem fotografias destes irm\u00e3os t\u00e3o talentosos, que ainda por cima s\u00e3o t\u00e3o fotog\u00e9nicos. Aqui podem ver fotografias de grupo e individuais.<\/p>\n","protected":false},"excerpt":{"rendered":"<p>Biografia da Banda Com uma carreira de v\u00e1rios anos h\u00e1 muito para contar, por isso, para facilitar, podem ver um resumo da evolu\u00e7\u00e3o da banda, desde a sua forma\u00e7\u00e3o at\u00e9 \u00e0 actualidade. Perfis dos elementos da Banda Para conhecer melhor cada elemento da banda: dados pessoais, cita\u00e7\u00f5es, outras informa\u00e7\u00f5es e algumas curiosidades sobre cada um [&hellip;]<\/p>\n","protected":false},"author":2,"featured_media":0,"parent":0,"menu_order":0,"comment_status":"open","ping_status":"open","template":"","meta":{"footnotes":""},"class_list":["post-3","page","type-page","status-publish","hentry"],"_links":{"self":[{"href":"http:\/\/www.corrspt.com\/site\/index.php?rest_route=\/wp\/v2\/pages\/3","targetHints":{"allow":["GET"]}}],"collection":[{"href":"http:\/\/www.corrspt.com\/site\/index.php?rest_route=\/wp\/v2\/pages"}],"about":[{"href":"http:\/\/www.corrspt.com\/site\/index.php?rest_route=\/wp\/v2\/types\/page"}],"author":[{"embeddable":true,"href":"http:\/\/www.corrspt.com\/site\/index.php?rest_route=\/wp\/v2\/users\/2"}],"replies":[{"embeddable":true,"href":"http:\/\/www.corrspt.com\/site\/index.php?rest_route=%2Fwp%2Fv2%2Fcomments&post=3"}],"version-history":[{"count":10,"href":"http:\/\/www.corrspt.com\/site\/index.php?rest_route=\/wp\/v2\/pages\/3\/revisions"}],"predecessor-version":[{"id":162,"href":"http:\/\/www.corrspt.com\/site\/index.php?rest_route=\/wp\/v2\/pages\/3\/revisions\/162"}],"wp:attachment":[{"href":"http:\/\/www.corrspt.com\/site\/index.php?rest_route=%2Fwp%2Fv2%2Fmedia&parent=3"}],"curies":[{"name":"wp","href":"https:\/\/api.w.org\/{rel}","templated":true}]}}