{"id":10,"date":"2008-09-18T19:49:22","date_gmt":"2008-09-18T18:49:22","guid":{"rendered":"http:\/\/www.corrspt.com\/v2\/?page_id=10"},"modified":"2009-09-14T09:26:36","modified_gmt":"2009-09-14T08:26:36","slug":"discografia","status":"publish","type":"page","link":"http:\/\/www.corrspt.com\/site\/?page_id=10","title":{"rendered":"Discografia"},"content":{"rendered":"<p>Os The Corrs existem desde 1990, os anos de exist\u00eancia, e a fama aquirida proporcionaram-lhes o lan\u00e7amento de v\u00e1rios discos, entre \u00e1lbuns oficiais, n\u00e3o oficiais, colabora\u00e7\u00f5es, colect\u00e2neas e singles. Nas p\u00e1ginas que se seguem v\u00e3o ficar a conhecer a sua discografia:<\/p>\n<p><a title=\"Forgiven not Forgotten\" href=\"http:\/\/www.corrspt.com\/v2\/?page_id=94\" target=\"_self\">Forgiven not Forgotten<\/a><\/p>\n<p><a title=\"Talk on Corners\" href=\"http:\/\/www.corrspt.com\/v2\/?page_id=99\" target=\"_self\">Talk on Corners<\/a><\/p>\n<p><a title=\"Unplugged\" href=\"http:\/\/www.corrspt.com\/v2\/?page_id=101\" target=\"_self\">Unplugged<\/a><\/p>\n<p><a title=\"In Blue\" href=\"http:\/\/www.corrspt.com\/v2\/?page_id=104\" target=\"_self\">In Blue<\/a><\/p>\n<p><a title=\"Best of The Corrs\" href=\"http:\/\/www.corrspt.com\/v2\/?page_id=106\" target=\"_self\">Best of The Corrs<\/a><\/p>\n<p>Borrowed Heaven<\/p>\n<p>Home<\/p>\n","protected":false},"excerpt":{"rendered":"<p>Os The Corrs existem desde 1990, os anos de exist\u00eancia, e a fama aquirida proporcionaram-lhes o lan\u00e7amento de v\u00e1rios discos, entre \u00e1lbuns oficiais, n\u00e3o oficiais, colabora\u00e7\u00f5es, colect\u00e2neas e singles. Nas p\u00e1ginas que se seguem v\u00e3o ficar a conhecer a sua discografia: Forgiven not Forgotten Talk on Corners Unplugged In Blue Best of The Corrs Borrowed [&hellip;]<\/p>\n","protected":false},"author":1,"featured_media":0,"parent":5,"menu_order":0,"comment_status":"open","ping_status":"open","template":"","meta":{"footnotes":""},"class_list":["post-10","page","type-page","status-publish","hentry"],"_links":{"self":[{"href":"http:\/\/www.corrspt.com\/site\/index.php?rest_route=\/wp\/v2\/pages\/10","targetHints":{"allow":["GET"]}}],"collection":[{"href":"http:\/\/www.corrspt.com\/site\/index.php?rest_route=\/wp\/v2\/pages"}],"about":[{"href":"http:\/\/www.corrspt.com\/site\/index.php?rest_route=\/wp\/v2\/types\/page"}],"author":[{"embeddable":true,"href":"http:\/\/www.corrspt.com\/site\/index.php?rest_route=\/wp\/v2\/users\/1"}],"replies":[{"embeddable":true,"href":"http:\/\/www.corrspt.com\/site\/index.php?rest_route=%2Fwp%2Fv2%2Fcomments&post=10"}],"version-history":[{"count":6,"href":"http:\/\/www.corrspt.com\/site\/index.php?rest_route=\/wp\/v2\/pages\/10\/revisions"}],"predecessor-version":[{"id":92,"href":"http:\/\/www.corrspt.com\/site\/index.php?rest_route=\/wp\/v2\/pages\/10\/revisions\/92"}],"up":[{"embeddable":true,"href":"http:\/\/www.corrspt.com\/site\/index.php?rest_route=\/wp\/v2\/pages\/5"}],"wp:attachment":[{"href":"http:\/\/www.corrspt.com\/site\/index.php?rest_route=%2Fwp%2Fv2%2Fmedia&parent=10"}],"curies":[{"name":"wp","href":"https:\/\/api.w.org\/{rel}","templated":true}]}}